{"id":1393,"date":"2025-06-17T12:22:08","date_gmt":"2025-06-17T09:22:08","guid":{"rendered":"https:\/\/rkeeper.us\/?page_id=1393"},"modified":"2026-03-13T11:03:45","modified_gmt":"2026-03-13T08:03:45","slug":"contact","status":"publish","type":"page","link":"https:\/\/ucsrkeeper.ro\/?page_id=1393","title":{"rendered":"Contact"},"content":{"rendered":"\t\t<div data-elementor-type=\"wp-page\" data-elementor-id=\"1393\" class=\"elementor elementor-1393 elementor-256\" data-elementor-post-type=\"page\">\n\t\t\t\t<div class=\"elementor-element elementor-element-46841b48 e-flex e-con-boxed e-con e-parent\" data-id=\"46841b48\" data-element_type=\"container\" data-e-type=\"container\" data-settings=\"{&quot;background_background&quot;:&quot;classic&quot;}\">\n\t\t\t\t\t<div class=\"e-con-inner\">\n\t\t\t\t<div class=\"elementor-element elementor-element-681d1e5c elementor-invisible elementor-widget elementor-widget-heading\" data-id=\"681d1e5c\" data-element_type=\"widget\" data-e-type=\"widget\" data-settings=\"{&quot;_animation&quot;:&quot;fadeIn&quot;,&quot;_animation_delay&quot;:&quot;400&quot;}\" data-widget_type=\"heading.default\">\n\t\t\t\t<div class=\"elementor-widget-container\">\n\t\t\t\t\t<h1 class=\"elementor-heading-title elementor-size-default\">Contacta\u021bi-ne<\/h1>\t\t\t\t<\/div>\n\t\t\t\t<\/div>\n\t\t\t\t<div class=\"elementor-element elementor-element-38f6abf0 elementor-widget__width-auto elementor-absolute elementor-view-default elementor-widget elementor-widget-icon\" data-id=\"38f6abf0\" data-element_type=\"widget\" data-e-type=\"widget\" data-settings=\"{&quot;_position&quot;:&quot;absolute&quot;}\" data-widget_type=\"icon.default\">\n\t\t\t\t<div class=\"elementor-widget-container\">\n\t\t\t\t\t\t\t<div class=\"elementor-icon-wrapper\">\n\t\t\t<div class=\"elementor-icon\">\n\t\t\t<svg xmlns=\"http:\/\/www.w3.org\/2000\/svg\" id=\"a\" width=\"80.73\" height=\"81.52\" viewBox=\"0 0 80.73 81.52\"><defs><style>.b{fill:none;stroke-miterlimit:10;stroke-width:1.3px;}.b,.c{stroke:#050505;}.c{stroke-miterlimit:10;stroke-width:1.3px;}<\/style><\/defs><ellipse class=\"c\" cx=\"40.37\" cy=\"40.76\" rx=\"39.28\" ry=\"40.53\" transform=\"translate(-16.23 31.39) rotate(-35.88)\"><\/ellipse><path class=\"b\" d=\"M22.01,15.35c13.59-9.83,32.84-6.44,42.99,7.59\"><\/path><\/svg>\t\t\t<\/div>\n\t\t<\/div>\n\t\t\t\t\t\t<\/div>\n\t\t\t\t<\/div>\n\t\t\t\t<div class=\"elementor-element elementor-element-5826fcf1 elementor-widget__width-auto elementor-absolute elementor-view-default elementor-widget elementor-widget-icon\" data-id=\"5826fcf1\" data-element_type=\"widget\" data-e-type=\"widget\" data-settings=\"{&quot;_position&quot;:&quot;absolute&quot;}\" data-widget_type=\"icon.default\">\n\t\t\t\t<div class=\"elementor-widget-container\">\n\t\t\t\t\t\t\t<div class=\"elementor-icon-wrapper\">\n\t\t\t<div class=\"elementor-icon\">\n\t\t\t<svg xmlns=\"http:\/\/www.w3.org\/2000\/svg\" id=\"a\" width=\"80.73\" height=\"81.52\" viewBox=\"0 0 80.73 81.52\"><defs><style>.b{fill:none;stroke-miterlimit:10;stroke-width:1.3px;}.b,.c{stroke:#050505;}.c{stroke-miterlimit:10;stroke-width:1.3px;}<\/style><\/defs><ellipse class=\"c\" cx=\"40.37\" cy=\"40.76\" rx=\"39.28\" ry=\"40.53\" transform=\"translate(-16.23 31.39) rotate(-35.88)\"><\/ellipse><path class=\"b\" d=\"M22.01,15.35c13.59-9.83,32.84-6.44,42.99,7.59\"><\/path><\/svg>\t\t\t<\/div>\n\t\t<\/div>\n\t\t\t\t\t\t<\/div>\n\t\t\t\t<\/div>\n\t\t\t\t<div class=\"elementor-element elementor-element-5816bb25 elementor-widget__width-auto elementor-absolute elementor-view-default elementor-widget elementor-widget-icon\" data-id=\"5816bb25\" data-element_type=\"widget\" data-e-type=\"widget\" data-settings=\"{&quot;_position&quot;:&quot;absolute&quot;}\" data-widget_type=\"icon.default\">\n\t\t\t\t<div class=\"elementor-widget-container\">\n\t\t\t\t\t\t\t<div class=\"elementor-icon-wrapper\">\n\t\t\t<div class=\"elementor-icon\">\n\t\t\t<svg xmlns=\"http:\/\/www.w3.org\/2000\/svg\" id=\"a\" width=\"80.73\" height=\"81.52\" viewBox=\"0 0 80.73 81.52\"><defs><style>.b{fill:none;stroke-miterlimit:10;stroke-width:1.3px;}.b,.c{stroke:#050505;}.c{stroke-miterlimit:10;stroke-width:1.3px;}<\/style><\/defs><ellipse class=\"c\" cx=\"40.37\" cy=\"40.76\" rx=\"39.28\" ry=\"40.53\" transform=\"translate(-16.23 31.39) rotate(-35.88)\"><\/ellipse><path class=\"b\" d=\"M22.01,15.35c13.59-9.83,32.84-6.44,42.99,7.59\"><\/path><\/svg>\t\t\t<\/div>\n\t\t<\/div>\n\t\t\t\t\t\t<\/div>\n\t\t\t\t<\/div>\n\t\t\t\t<div class=\"elementor-element elementor-element-1ed751d9 elementor-widget__width-initial elementor-absolute elementor-widget elementor-widget-image\" data-id=\"1ed751d9\" data-element_type=\"widget\" data-e-type=\"widget\" data-settings=\"{&quot;_position&quot;:&quot;absolute&quot;,&quot;_animation&quot;:&quot;none&quot;}\" data-widget_type=\"image.default\">\n\t\t\t\t<div class=\"elementor-widget-container\">\n\t\t\t\t\t\t\t\t\t\t\t\t\t\t\t<img decoding=\"async\" width=\"311\" height=\"75\" src=\"https:\/\/ucsrkeeper.ro\/wp-content\/uploads\/2025\/06\/coffe2go-clound-num8.svg\" class=\"attachment-large size-large wp-image-260\" alt=\"\" \/>\t\t\t\t\t\t\t\t\t\t\t\t\t\t\t<\/div>\n\t\t\t\t<\/div>\n\t\t\t\t<div class=\"elementor-element elementor-element-2e5216e0 elementor-widget__width-initial elementor-absolute elementor-widget elementor-widget-image\" data-id=\"2e5216e0\" data-element_type=\"widget\" data-e-type=\"widget\" data-settings=\"{&quot;_position&quot;:&quot;absolute&quot;}\" data-widget_type=\"image.default\">\n\t\t\t\t<div class=\"elementor-widget-container\">\n\t\t\t\t\t\t\t\t\t\t\t\t\t\t\t<img decoding=\"async\" width=\"275\" height=\"67\" src=\"https:\/\/ucsrkeeper.ro\/wp-content\/uploads\/2025\/06\/cloud-img-2-1.svg\" class=\"attachment-large size-large wp-image-261\" alt=\"\" \/>\t\t\t\t\t\t\t\t\t\t\t\t\t\t\t<\/div>\n\t\t\t\t<\/div>\n\t\t\t\t<div class=\"elementor-element elementor-element-2d8a6a0e elementor-widget__width-initial elementor-absolute elementor-widget elementor-widget-image\" data-id=\"2d8a6a0e\" data-element_type=\"widget\" data-e-type=\"widget\" data-settings=\"{&quot;_position&quot;:&quot;absolute&quot;}\" data-widget_type=\"image.default\">\n\t\t\t\t<div class=\"elementor-widget-container\">\n\t\t\t\t\t\t\t\t\t\t\t\t\t\t\t<img decoding=\"async\" width=\"179\" height=\"49\" src=\"https:\/\/ucsrkeeper.ro\/wp-content\/uploads\/2025\/06\/cloud-img-3.svg\" class=\"attachment-large size-large wp-image-262\" alt=\"\" \/>\t\t\t\t\t\t\t\t\t\t\t\t\t\t\t<\/div>\n\t\t\t\t<\/div>\n\t\t\t\t\t<\/div>\n\t\t\t\t<\/div>\n\t\t<div class=\"elementor-element elementor-element-72b14b93 e-flex e-con-boxed e-con e-parent\" data-id=\"72b14b93\" data-element_type=\"container\" data-e-type=\"container\">\n\t\t\t\t\t<div class=\"e-con-inner\">\n\t\t<div class=\"elementor-element elementor-element-fc6c292 e-con-full e-flex e-con e-child\" data-id=\"fc6c292\" data-element_type=\"container\" data-e-type=\"container\">\n\t\t<div class=\"elementor-element elementor-element-7d049d83 e-con-full e-flex e-con e-child\" data-id=\"7d049d83\" data-element_type=\"container\" data-e-type=\"container\">\n\t\t\t\t<div class=\"elementor-element elementor-element-3f0c5cbb elementor-vertical-align-middle elementor-widget elementor-widget-image-box\" data-id=\"3f0c5cbb\" data-element_type=\"widget\" data-e-type=\"widget\" data-widget_type=\"image-box.default\">\n\t\t\t\t<div class=\"elementor-widget-container\">\n\t\t\t\t\t<div class=\"elementor-image-box-wrapper\"><div class=\"elementor-image-box-content\"><h3 class=\"elementor-image-box-title\">Contacta\u021bi-ne<\/h3><\/div><\/div>\t\t\t\t<\/div>\n\t\t\t\t<\/div>\n\t\t<div class=\"elementor-element elementor-element-54f37c5 e-con-full e-flex e-con e-child\" data-id=\"54f37c5\" data-element_type=\"container\" data-e-type=\"container\" data-settings=\"{&quot;background_background&quot;:&quot;classic&quot;,&quot;animation_tablet&quot;:&quot;fadeIn&quot;}\">\n\t\t\t\t<div class=\"elementor-element elementor-element-1b894768 elementor-widget__width-initial elementor-position-top elementor-widget elementor-widget-image-box\" data-id=\"1b894768\" data-element_type=\"widget\" data-e-type=\"widget\" data-widget_type=\"image-box.default\">\n\t\t\t\t<div class=\"elementor-widget-container\">\n\t\t\t\t\t<div class=\"elementor-image-box-wrapper\"><figure class=\"elementor-image-box-img\"><img loading=\"lazy\" decoding=\"async\" width=\"109\" height=\"109\" src=\"https:\/\/ucsrkeeper.ro\/wp-content\/uploads\/2025\/06\/location_info.svg\" class=\"elementor-animation-grow attachment-full size-full wp-image-263\" alt=\"\" \/><\/figure><div class=\"elementor-image-box-content\"><h3 class=\"elementor-image-box-title\">Adres\u0103<\/h3><p class=\"elementor-image-box-description\">Opastinsilta 8 b, Helsinki 00520, Finlanda<\/p><\/div><\/div>\t\t\t\t<\/div>\n\t\t\t\t<\/div>\n\t\t\t\t<div class=\"elementor-element elementor-element-7129d57c elementor-widget__width-initial elementor-position-top elementor-widget elementor-widget-image-box\" data-id=\"7129d57c\" data-element_type=\"widget\" data-e-type=\"widget\" data-widget_type=\"image-box.default\">\n\t\t\t\t<div class=\"elementor-widget-container\">\n\t\t\t\t\t<div class=\"elementor-image-box-wrapper\"><figure class=\"elementor-image-box-img\"><img loading=\"lazy\" decoding=\"async\" width=\"109\" height=\"109\" src=\"https:\/\/ucsrkeeper.ro\/wp-content\/uploads\/2025\/06\/contact_info.svg\" class=\"elementor-animation-grow attachment-full size-full wp-image-264\" alt=\"\" \/><\/figure><div class=\"elementor-image-box-content\"><h3 class=\"elementor-image-box-title\">Contact<\/h3><p class=\"elementor-image-box-description\">+358 9 4272 6802<br>help@rkeeper.fi\n<\/p><\/div><\/div>\t\t\t\t<\/div>\n\t\t\t\t<\/div>\n\t\t\t\t<\/div>\n\t\t\t\t<\/div>\n\t\t\t\t<\/div>\n\t\t<div class=\"elementor-element elementor-element-55c0c1e1 e-con-full e-flex e-con e-child\" data-id=\"55c0c1e1\" data-element_type=\"container\" data-e-type=\"container\" data-settings=\"{&quot;background_background&quot;:&quot;classic&quot;}\">\n\t\t\t\t<div class=\"elementor-element elementor-element-7cab0398 elementor-widget elementor-widget-ehp-form\" data-id=\"7cab0398\" data-element_type=\"widget\" data-e-type=\"widget\" data-settings=\"{&quot;button_width&quot;:&quot;33&quot;,&quot;layout_preset&quot;:&quot;quick-connect&quot;,&quot;button_shape&quot;:&quot;default&quot;,&quot;box_shape&quot;:&quot;sharp&quot;}\" data-widget_type=\"ehp-form.default\">\n\t\t\t\t<div class=\"elementor-widget-container\">\n\t\t\t\t\t\t\t<form class=\"has-shape-sharp shape-type-box ehp-form has-layout-preset-quick-connect\" name=\"Formular de contact\" method=\"post\" id=\"\">\n\t\t\t\t\t<div class=\"ehp-form__text-container\">\n\t\t\t<p class=\"ehp-form__description\">Ne-ar pl\u0103cea s\u0103 auzim de la dumneavoastr\u0103!\u200b<\/p>\t\t<\/div>\n\t\t\t\t\t<input type=\"hidden\" name=\"post_id\" value=\"1393\"\/>\n\t\t\t<input type=\"hidden\" name=\"form_id\" value=\"7cab0398\"\/>\n\t\t\t<input type=\"hidden\" name=\"referer_title\" value=\"Contact\"\/>\n\n\t\t\t\t\t\t\t<input type=\"hidden\" name=\"queried_id\" value=\"1393\"\/>\n\t\t\t\n\t\t\t<div class=\"ehp-form__content\">\n\t\t\t\t\t\t\t\t<div class=\"ehp-form__wrapper\">\n\t\t\t\t\t\t\t\t\t\t\t<div class=\"ehp-form__field-group is-field-type-text is-field-group-name has-width-100 has-width-md-100 has-width-sm-100 has-border has-shape-default\">\n\t\t\t\t\t\t\t\t\t\t\t\t\t\t\t<label for=\"form-field-name\" class=\"ehp-form__field-label\">\n\t\t\t\t\t\t\t\t\tNume\t\t\t\t\t\t\t\t<\/label>\n\t\t\t\t\t\t\t\t\t\t\t\t\t\t\t\t\t<input size=\"1\" type=\"text\" name=\"form_fields[name]\" id=\"form-field-name\" class=\"ehp-form__field elementor-size-sm  elementor-field-textual\">\n\t\t\t\t\t\t\t\t\t\t\t\t\t\t\t<\/div>\n\t\t\t\t\t\t\t\t\t\t\t<div class=\"ehp-form__field-group is-field-type-email is-field-group-email has-width-100 has-width-md-100 has-width-sm-100 is-field-required is-mark-required has-border has-shape-default\">\n\t\t\t\t\t\t\t\t\t\t\t\t\t\t\t<label for=\"form-field-email\" class=\"ehp-form__field-label\">\n\t\t\t\t\t\t\t\t\tEmail\t\t\t\t\t\t\t\t<\/label>\n\t\t\t\t\t\t\t\t\t\t\t\t\t\t\t\t\t<input size=\"1\" type=\"email\" name=\"form_fields[email]\" id=\"form-field-email\" class=\"ehp-form__field elementor-size-sm  elementor-field-textual\" required=\"required\" aria-required=\"true\">\n\t\t\t\t\t\t\t\t\t\t\t\t\t\t\t<\/div>\n\t\t\t\t\t\t\t\t\t\t\t<div class=\"ehp-form__field-group is-field-type-select is-field-group-field_2d22b48 has-width-100 has-width-md-100 has-width-sm-100 has-border has-shape-default\">\n\t\t\t\t\t\t\t\t\t\t\t\t\t\t\t<label for=\"form-field-field_2d22b48\" class=\"ehp-form__field-label\">\n\t\t\t\t\t\t\t\t\tSubiect\t\t\t\t\t\t\t\t<\/label>\n\t\t\t\t\t\t\t\t\t\t\n\t\t\t\n\t\t\t\t\t\t\t\n\t\t\t<select name=\"form_fields[field_2d22b48]\" id=\"form-field-field_2d22b48\" class=\"ehp-form__field elementor-field elementor-field-textual ehp-form__select elementor-size-sm\">\n\t\t\t\t\t\t\t\t\t<option value=\"General feedback\">General feedback<\/option>\n\t\t\t\t\t\t\t\t\t<option value=\"Technical support\">Technical support<\/option>\n\t\t\t\t\t\t\t\t\t<option value=\"Billing issue\">Billing issue<\/option>\n\t\t\t\t\t\t\t\t\t<option value=\"Request for partnership\">Request for partnership<\/option>\n\t\t\t\t\t\t\t\t\t<option value=\"Other\">Other<\/option>\n\t\t\t\t\t\t\t<\/select>\n\t\t\n\t\t\t\t\t\t\t\t<\/div>\n\t\t\t\t\t\t\t\t\t\t\t<div class=\"ehp-form__field-group is-field-type-textarea is-field-group-message has-width-100 has-width-md-100 has-width-sm-100 has-border has-shape-default\">\n\t\t\t\t\t\t\t\t\t\t\t\t\t\t\t<label for=\"form-field-message\" class=\"ehp-form__field-label\">\n\t\t\t\t\t\t\t\t\tMesaj\t\t\t\t\t\t\t\t<\/label>\n\t\t\t\t\t\t\t\t<textarea class=\"elementor-field-textual ehp-form__field eph-form__textarea  elementor-size-sm\" name=\"form_fields[message]\" id=\"form-field-message\" rows=\"4\"><\/textarea>\t\t\t\t\t\t<\/div>\n\t\t\t\t\t\t\t\t\t\t\t\t<div class=\"ehp-form__submit-group has-width-33 has-button-align-flex-start\">\n\t\t\t<button class=\"has-shape-default shape-type-button ehp-form__button has-border is-type-button\" type=\"submit\">\n\t\t\t\t\t\t\t\t\t\t\t\t\t\n\t\t\t\t\t\t\t\t\t<span class=\"ehp-form__button-text\">Trimite<\/span>\n\t\t\t\t\t\t\t<\/button>\n\t\t<\/div>\n\t\t\t\t\t\t<\/div>\n\t\t\t<\/div>\n\t\t\t<div class=\"ehp-form__overlay\"><\/div>\n\t\t<\/form>\n\t\t\t\t\t\t<\/div>\n\t\t\t\t<\/div>\n\t\t\t\t<\/div>\n\t\t\t\t\t<\/div>\n\t\t\t\t<\/div>\n\t\t\t\t<\/div>\n\t\t","protected":false},"excerpt":{"rendered":"<p>Contacta\u021bi-ne Contacta\u021bi-ne Adres\u0103 Opastinsilta 8 b, Helsinki 00520, Finlanda Contact +358 9 4272 6802help@rkeeper.fi<\/p>\n","protected":false},"author":1,"featured_media":0,"parent":0,"menu_order":0,"comment_status":"closed","ping_status":"closed","template":"elementor_header_footer","meta":{"footnotes":""},"class_list":["post-1393","page","type-page","status-publish","hentry"],"_links":{"self":[{"href":"https:\/\/ucsrkeeper.ro\/index.php?rest_route=\/wp\/v2\/pages\/1393","targetHints":{"allow":["GET"]}}],"collection":[{"href":"https:\/\/ucsrkeeper.ro\/index.php?rest_route=\/wp\/v2\/pages"}],"about":[{"href":"https:\/\/ucsrkeeper.ro\/index.php?rest_route=\/wp\/v2\/types\/page"}],"author":[{"embeddable":true,"href":"https:\/\/ucsrkeeper.ro\/index.php?rest_route=\/wp\/v2\/users\/1"}],"replies":[{"embeddable":true,"href":"https:\/\/ucsrkeeper.ro\/index.php?rest_route=%2Fwp%2Fv2%2Fcomments&post=1393"}],"version-history":[{"count":7,"href":"https:\/\/ucsrkeeper.ro\/index.php?rest_route=\/wp\/v2\/pages\/1393\/revisions"}],"predecessor-version":[{"id":6014,"href":"https:\/\/ucsrkeeper.ro\/index.php?rest_route=\/wp\/v2\/pages\/1393\/revisions\/6014"}],"wp:attachment":[{"href":"https:\/\/ucsrkeeper.ro\/index.php?rest_route=%2Fwp%2Fv2%2Fmedia&parent=1393"}],"curies":[{"name":"wp","href":"https:\/\/api.w.org\/{rel}","templated":true}]}}