{"id":1851,"date":"2025-06-26T23:52:14","date_gmt":"2025-06-26T20:52:14","guid":{"rendered":"https:\/\/rkeeper.us\/?page_id=1851"},"modified":"2025-07-22T12:08:43","modified_gmt":"2025-07-22T09:08:43","slug":"kiosk-uri-de-autoservire","status":"publish","type":"page","link":"https:\/\/ucsrkeeper.ro\/?page_id=1851","title":{"rendered":"Kiosk-uri de autoservire"},"content":{"rendered":"\t\t<div data-elementor-type=\"wp-page\" data-elementor-id=\"1851\" class=\"elementor elementor-1851 elementor-1787\" data-elementor-post-type=\"page\">\n\t\t\t\t<div class=\"elementor-element elementor-element-45a7e7ff e-flex e-con-boxed e-con e-parent\" data-id=\"45a7e7ff\" data-element_type=\"container\" data-e-type=\"container\">\n\t\t\t\t\t<div class=\"e-con-inner\">\n\t\t\t\t<div class=\"elementor-element elementor-element-7639dded elementor-widget elementor-widget-heading\" data-id=\"7639dded\" data-element_type=\"widget\" data-e-type=\"widget\" data-widget_type=\"heading.default\">\n\t\t\t\t<div class=\"elementor-widget-container\">\n\t\t\t\t\t<h3 class=\"elementor-heading-title elementor-size-default\">Kiosk-uri de autoservire<\/h3>\t\t\t\t<\/div>\n\t\t\t\t<\/div>\n\t\t\t\t<div class=\"elementor-element elementor-element-60686d3 elementor-widget elementor-widget-text-editor\" data-id=\"60686d3\" data-element_type=\"widget\" data-e-type=\"widget\" data-widget_type=\"text-editor.default\">\n\t\t\t\t<div class=\"elementor-widget-container\">\n\t\t\t\t\t\t\t\t\t<h2 id=\"Empower-your-fast-food-experience-with-r_keeper-kiosks-1\"><strong>\u00cembun\u0103t\u0103\u021bi\u021bi experien\u021ba fast-food cu chio\u0219curile r_keeper<\/strong><\/h2><figure class=\"image image-style-align-left image_resized\"><img fetchpriority=\"high\" decoding=\"async\" class=\"alignright\" src=\"https:\/\/img.perfectwiki.xyz\/insecure\/resize:fit:400\/aHR0cHM6Ly9zdG9yYWdlLmdvb2dsZWFwaXMuY29tL3BlcmZlY3Rfd2lraS9jMThmZTZmNy03MTRiLTQxMzItYmI1NC0zNTY0ODc3NWVkMGMvY1NJdzZ0a3l0OFU2UTIxZUlGQk4vJUQwJUI4JUQwJUI3JUQwJUJFJUQwJUIxJUQxJTgwJUQwJUIwJUQwJUI2JUQwJUI1JUQwJUJEJUQwJUI4JUQwJUI1X2Q2NTk2NWQzLTFkNDUtNDYyOC05ZTkxLWJlOGUxYzc1ODBhMy5wbmc.webp\" sizes=\"100vw\" srcset=\"https:\/\/img.perfectwiki.xyz\/insecure\/resize:fit:400\/aHR0cHM6Ly9zdG9yYWdlLmdvb2dsZWFwaXMuY29tL3BlcmZlY3Rfd2lraS9jMThmZTZmNy03MTRiLTQxMzItYmI1NC0zNTY0ODc3NWVkMGMvY1NJdzZ0a3l0OFU2UTIxZUlGQk4vJUQwJUI4JUQwJUI3JUQwJUJFJUQwJUIxJUQxJTgwJUQwJUIwJUQwJUI2JUQwJUI1JUQwJUJEJUQwJUI4JUQwJUI1X2Q2NTk2NWQzLTFkNDUtNDYyOC05ZTkxLWJlOGUxYzc1ODBhMy5wbmc.webp 400w, https:\/\/img.perfectwiki.xyz\/insecure\/resize:fit:800\/aHR0cHM6Ly9zdG9yYWdlLmdvb2dsZWFwaXMuY29tL3BlcmZlY3Rfd2lraS9jMThmZTZmNy03MTRiLTQxMzItYmI1NC0zNTY0ODc3NWVkMGMvY1NJdzZ0a3l0OFU2UTIxZUlGQk4vJUQwJUI4JUQwJUI3JUQwJUJFJUQwJUIxJUQxJTgwJUQwJUIwJUQwJUI2JUQwJUI1JUQwJUJEJUQwJUI4JUQwJUI1X2Q2NTk2NWQzLTFkNDUtNDYyOC05ZTkxLWJlOGUxYzc1ODBhMy5wbmc.webp 800w, https:\/\/img.perfectwiki.xyz\/insecure\/resize:fit:1200\/aHR0cHM6Ly9zdG9yYWdlLmdvb2dsZWFwaXMuY29tL3BlcmZlY3Rfd2lraS9jMThmZTZmNy03MTRiLTQxMzItYmI1NC0zNTY0ODc3NWVkMGMvY1NJdzZ0a3l0OFU2UTIxZUlGQk4vJUQwJUI4JUQwJUI3JUQwJUJFJUQwJUIxJUQxJTgwJUQwJUIwJUQwJUI2JUQwJUI1JUQwJUJEJUQwJUI4JUQwJUI1X2Q2NTk2NWQzLTFkNDUtNDYyOC05ZTkxLWJlOGUxYzc1ODBhMy5wbmc.webp 1200w, https:\/\/img.perfectwiki.xyz\/insecure\/aHR0cHM6Ly9zdG9yYWdlLmdvb2dsZWFwaXMuY29tL3BlcmZlY3Rfd2lraS9jMThmZTZmNy03MTRiLTQxMzItYmI1NC0zNTY0ODc3NWVkMGMvY1NJdzZ0a3l0OFU2UTIxZUlGQk4vJUQwJUI4JUQwJUI3JUQwJUJFJUQwJUIxJUQxJTgwJUQwJUIwJUQwJUI2JUQwJUI1JUQwJUJEJUQwJUI4JUQwJUI1X2Q2NTk2NWQzLTFkNDUtNDYyOC05ZTkxLWJlOGUxYzc1ODBhMy5wbmc.webp 1400w\" alt=\"produse \/ 1 Chio\u0219curi self-service \u2705  \" width=\"428\" height=\"426\"><\/figure><h3 id=\"Quick.-Efficient.-User-Friendly.-2\"><strong>Rapid. Eficient. U\u0219or de utilizat.  <\/strong><\/h3><p>Rapide, eficiente \u0219i incredibil de u\u0219or de utilizat, chio\u0219curile noastre le permit clien\u021bilor dvs. s\u0103 plaseze comenzi dup\u0103 bunul lor plac, reduc\u00e2nd timpii de a\u0219teptare \u0219i sporind satisfac\u021bia. P\u0103trunde\u021bi \u00een viitorul restaurantelor, unde tehnologia \u00eent\u00e2lne\u0219te gustul. Cre\u0219te\u021bi eficien\u021ba restaurantului dvs. \u0219i vede\u021bi-v\u0103 afacerea cresc\u00e2nd cu <strong>r_keeper<\/strong>. Contacta\u021bi-ne ast\u0103zi pentru a v\u0103 transforma serviciul!   <\/p><ul><li>\u201eReducerea timpilor de a\u0219teptare\u201d<\/li><li>\u201e\u00cembun\u0103t\u0103\u021birea satisfac\u021biei clien\u021bilor\u201d<\/li><li>\u201eCre\u0219terea acurate\u021bei comenzilor\u201d<\/li><li>\u201eCre\u0219terea v\u00e2nz\u0103rilor prin up-selling \u0219i cross-selling\u201d<\/li><\/ul><h2 id=\"How-R-Keeper-Kiosks-Work-1\"><strong>Cum func\u021bioneaz\u0103 chio\u0219curile r-keeper<\/strong><\/h2><ul><li>\u201eConfigurare u\u0219oar\u0103\u201d<\/li><li>\u201eComandare f\u0103r\u0103 probleme\u201d<\/li><li>\u201eProcesare instantanee a pl\u0103\u021bilor\u201d<\/li><li>\u201e\u00cendeplinirea rapid\u0103 a comenzilor\u201d<\/li><\/ul><h2><strong>Beneficiile chio\u0219curilor R-keeper<\/strong><\/h2><p><strong style=\"letter-spacing: 0px; word-spacing: 0em; background-color: transparent;\">&#8222;Streamline Your Operations&#8221; <\/strong><span style=\"letter-spacing: 0px; word-spacing: 0em; background-color: transparent;\">se refer\u0103 la revolu\u021bionarea modului \u00een care restaurantele fast-food \u00ee\u0219i gestioneaz\u0103 fluxurile de lucru zilnice \u0219i interac\u021biunile cu clien\u021bii. <\/span><span style=\"letter-spacing: 0px; word-spacing: 0em; background-color: transparent;\">Aceast\u0103 abordare valorific\u0103 tehnologia avansat\u0103 pentru a v\u0103 face restaurantul mai eficient, reduc\u00e2nd timpul \u0219i efortul dedicate sarcinilor de rutin\u0103.<\/span><\/p><p><strong style=\"background-color: transparent; letter-spacing: 0px; word-spacing: 0em;\">Proces de comand\u0103 mai rapid:<\/strong><span style=\"background-color: transparent; letter-spacing: 0px; word-spacing: 0em;\"> Clien\u021bii \u00ee\u0219i pot plasa rapid comenzile prin intermediul interfe\u021belor intuitive cu ecran tactil, reduc\u00e2nd timpii de a\u0219teptare \u0219i minimiz\u00e2nd presiunea asupra personalului dvs. \u00een timpul orelor de v\u00e2rf.<\/span><\/p><p><strong style=\"background-color: transparent; letter-spacing: 0px; word-spacing: 0em;\">\u00cembun\u0103t\u0103\u021birea acurate\u021bei comenzilor:<\/strong><span style=\"background-color: transparent; letter-spacing: 0px; word-spacing: 0em;\">  Cu ajutorul chio\u0219curilor self-service, clien\u021bii au posibilitatea de a-\u0219i personaliza comenzile exact a\u0219a cum le doresc, ceea ce reduce semnificativ \u0219ansele de erori care pot ap\u0103rea \u00een cazul metodelor tradi\u021bionale de comand\u0103. Aceast\u0103 precizie asigur\u0103 faptul c\u0103 clien\u021bii primesc exact ceea ce au comandat, cresc\u00e2nd satisfac\u021bia \u0219i reduc\u00e2nd risipa. <\/span><\/p><p><strong style=\"background-color: transparent; letter-spacing: 0px; word-spacing: 0em;\">Alocarea eficient\u0103 a personalului:<\/strong><span style=\"background-color: transparent; letter-spacing: 0px; word-spacing: 0em;\">  Prin automatizarea procesului de preluare a comenzilor, personalul dvs. poate fi reatribuit pentru a se concentra pe alte domenii critice, cum ar fi prepararea alimentelor \u0219i serviciile pentru clien\u021bi. Aceast\u0103 alocare optimizat\u0103 a resurselor umane asigur\u0103 buna desf\u0103\u0219urare a opera\u021biunilor, sporind eficien\u021ba general\u0103 a restaurantului dumneavoastr\u0103. <\/span><\/p><p><img decoding=\"async\" class=\"alignleft\" style=\"margin: 8px 8px 0px;\" src=\"https:\/\/img.perfectwiki.xyz\/insecure\/resize:fit:400\/aHR0cHM6Ly9zdG9yYWdlLmdvb2dsZWFwaXMuY29tL3BlcmZlY3Rfd2lraS9jMThmZTZmNy03MTRiLTQxMzItYmI1NC0zNTY0ODc3NWVkMGMvY1NJdzZ0a3l0OFU2UTIxZUlGQk4vJUQwJUI4JUQwJUI3JUQwJUJFJUQwJUIxJUQxJTgwJUQwJUIwJUQwJUI2JUQwJUI1JUQwJUJEJUQwJUI4JUQwJUI1XzI4MzhjZjMwLTdiYTAtNDI4OC04NWE5LWUyYTNjZjM0M2EzMi5wbmc.webp\" sizes=\"100vw\" srcset=\"https:\/\/img.perfectwiki.xyz\/insecure\/resize:fit:400\/aHR0cHM6Ly9zdG9yYWdlLmdvb2dsZWFwaXMuY29tL3BlcmZlY3Rfd2lraS9jMThmZTZmNy03MTRiLTQxMzItYmI1NC0zNTY0ODc3NWVkMGMvY1NJdzZ0a3l0OFU2UTIxZUlGQk4vJUQwJUI4JUQwJUI3JUQwJUJFJUQwJUIxJUQxJTgwJUQwJUIwJUQwJUI2JUQwJUI1JUQwJUJEJUQwJUI4JUQwJUI1XzI4MzhjZjMwLTdiYTAtNDI4OC04NWE5LWUyYTNjZjM0M2EzMi5wbmc.webp 400w, https:\/\/img.perfectwiki.xyz\/insecure\/resize:fit:800\/aHR0cHM6Ly9zdG9yYWdlLmdvb2dsZWFwaXMuY29tL3BlcmZlY3Rfd2lraS9jMThmZTZmNy03MTRiLTQxMzItYmI1NC0zNTY0ODc3NWVkMGMvY1NJdzZ0a3l0OFU2UTIxZUlGQk4vJUQwJUI4JUQwJUI3JUQwJUJFJUQwJUIxJUQxJTgwJUQwJUIwJUQwJUI2JUQwJUI1JUQwJUJEJUQwJUI4JUQwJUI1XzI4MzhjZjMwLTdiYTAtNDI4OC04NWE5LWUyYTNjZjM0M2EzMi5wbmc.webp 800w, https:\/\/img.perfectwiki.xyz\/insecure\/resize:fit:1200\/aHR0cHM6Ly9zdG9yYWdlLmdvb2dsZWFwaXMuY29tL3BlcmZlY3Rfd2lraS9jMThmZTZmNy03MTRiLTQxMzItYmI1NC0zNTY0ODc3NWVkMGMvY1NJdzZ0a3l0OFU2UTIxZUlGQk4vJUQwJUI4JUQwJUI3JUQwJUJFJUQwJUIxJUQxJTgwJUQwJUIwJUQwJUI2JUQwJUI1JUQwJUJEJUQwJUI4JUQwJUI1XzI4MzhjZjMwLTdiYTAtNDI4OC04NWE5LWUyYTNjZjM0M2EzMi5wbmc.webp 1200w, https:\/\/img.perfectwiki.xyz\/insecure\/aHR0cHM6Ly9zdG9yYWdlLmdvb2dsZWFwaXMuY29tL3BlcmZlY3Rfd2lraS9jMThmZTZmNy03MTRiLTQxMzItYmI1NC0zNTY0ODc3NWVkMGMvY1NJdzZ0a3l0OFU2UTIxZUlGQk4vJUQwJUI4JUQwJUI3JUQwJUJFJUQwJUIxJUQxJTgwJUQwJUIwJUQwJUI2JUQwJUI1JUQwJUJEJUQwJUI4JUQwJUI1XzI4MzhjZjMwLTdiYTAtNDI4OC04NWE5LWUyYTNjZjM0M2EzMi5wbmc.webp 1400w\" alt=\"produse \/ 1 Chio\u0219curi self-service \u2705  \" width=\"485\" height=\"324\"><\/p><p><strong style=\"background-color: transparent; letter-spacing: 0px; word-spacing: 0em;\">Insights bazate pe date:<\/strong><span style=\"background-color: transparent; letter-spacing: 0px; word-spacing: 0em;\">  Chio\u0219curile R-Keeper colecteaz\u0103 date valoroase privind preferin\u021bele clien\u021bilor \u0219i tiparele de comand\u0103. Aceste informa\u021bii pot fi analizate pentru a lua decizii \u00een cuno\u0219tin\u021b\u0103 de cauz\u0103 cu privire la ajust\u0103rile meniului, strategiile promo\u021bionale \u0219i personalul pentru orele de v\u00e2rf, eficientiz\u00e2nd \u00een continuare opera\u021biunile \u0219i adapt\u00e2nd experien\u021ba culinar\u0103 la gusturile clien\u021bilor dumneavoastr\u0103. <\/span><\/p><p><strong style=\"background-color: transparent; letter-spacing: 0px; word-spacing: 0em;\">&#8222;\u00cemputernice\u0219te-\u021bi clien\u021bii&#8221;  <\/strong><span style=\"background-color: transparent; letter-spacing: 0px; word-spacing: 0em;\">ofer\u0103 clien\u021bilor controlul asupra experien\u021bei lor culinare \u00een restaurantul dumneavoastr\u0103 fast-food. Aceste chio\u0219curi ofer\u0103 un proces de comand\u0103 intuitiv \u0219i interactiv, permi\u021b\u00e2nd clien\u021bilor s\u0103 r\u0103sfoiasc\u0103 meniul \u00een propriul lor ritm, s\u0103 \u00ee\u0219i personalizeze comenzile \u00een func\u021bie de preferin\u021bele lor exacte \u0219i chiar s\u0103 exploreze noi produse sau promo\u021bii. Aceast\u0103 abordare autodirijat\u0103 nu numai c\u0103 spore\u0219te satisfac\u021bia clien\u021bilor, oferindu-le op\u021biuni \u0219i flexibilitate, dar \u00eei \u0219i implic\u0103 \u00eentr-o experien\u021b\u0103 culinar\u0103 modern\u0103, bazat\u0103 pe tehnologie. Responsabilizarea clien\u021bilor dvs. \u00een acest mod poate duce la cre\u0219terea valorii comenzii prin oportunit\u0103\u021bi de v\u00e2nzare suplimentar\u0103 \u0219i la un serviciu mai personalizat, contribuind la loialitatea clien\u021bilor \u0219i la reluarea activit\u0103\u021bii.   <\/span><\/p><p><strong style=\"background-color: transparent; letter-spacing: 0px; word-spacing: 0em;\">&#8222;\u00cembun\u0103t\u0103\u021bi\u021bi rezultatul final&#8221;  <\/strong><span style=\"background-color: transparent; letter-spacing: 0px; word-spacing: 0em;\">valorificarea tehnologiei pentru a avea un impact direct asupra profitabilit\u0103\u021bii restaurantului dumneavoastr\u0103 fast-food. Iat\u0103 cum integrarea acestor chio\u0219curi poate conduce la cre\u0219terea veniturilor: <\/span><\/p><p><strong style=\"background-color: transparent; letter-spacing: 0px; word-spacing: 0em;\">Upselling \u0219i Cross-Selling:<\/strong><span style=\"background-color: transparent; letter-spacing: 0px; word-spacing: 0em;\">  Chio\u0219curile pot sugera automat complet\u0103ri sau upgrade-uri la momentul comenzii, \u00eencuraj\u00e2nd clien\u021bii s\u0103 fac\u0103 achizi\u021bii suplimentare. De exemplu, sugerarea unei b\u0103uturi cu un burger sau oferirea unei garnituri la un pre\u021b redus atunci c\u00e2nd este cump\u0103rat\u0103 \u00eempreun\u0103 cu o mas\u0103 principal\u0103. Acest lucru nu numai c\u0103 m\u0103re\u0219te valoarea medie a comenzii, dar o face \u0219i f\u0103r\u0103 a fi perceput ca o insisten\u021b\u0103 din partea unei persoane.  <\/span><\/p><p><strong style=\"background-color: transparent; letter-spacing: 0px; word-spacing: 0em;\">Reducerea costurilor cu for\u021ba de munc\u0103:<\/strong><span style=\"background-color: transparent; letter-spacing: 0px; word-spacing: 0em;\">  Prin automatizarea procesului de comand\u0103, pute\u021bi realoca personalul c\u0103tre zone mai critice de operare sau pute\u021bi reduce num\u0103rul de angaja\u021bi necesari \u00een perioadele mai pu\u021bin aglomerate. Aceast\u0103 optimizare poate duce la economii semnificative \u00een ceea ce prive\u0219te costurile for\u021bei de munc\u0103, una dintre cele mai importante cheltuieli din industria restaurantelor. <\/span><\/p><p><strong>Produc\u021bie crescut\u0103:<\/strong> Chio\u0219curile de autoservire pot gestiona mai multe comenzi simultan \u0219i pot func\u021biona continuu, ceea ce duce la un flux mai mare de clien\u021bi, \u00een special \u00een timpul orelor de v\u00e2rf. Aceast\u0103 eficien\u021b\u0103 \u00eenseamn\u0103 c\u0103 mai multe v\u00e2nz\u0103ri pot fi procesate \u00eentr-o perioad\u0103 mai scurt\u0103, sporind \u00een mod direct poten\u021bialul de venituri. <\/p>\t\t\t\t\t\t\t\t<\/div>\n\t\t\t\t<\/div>\n\t\t\t\t<div class=\"elementor-element elementor-element-4800aad5 elementor-align-center elementor-mobile-align-center elementor-widget elementor-widget-button\" data-id=\"4800aad5\" data-element_type=\"widget\" data-e-type=\"widget\" data-widget_type=\"button.default\">\n\t\t\t\t<div class=\"elementor-widget-container\">\n\t\t\t\t\t\t\t\t\t<div class=\"elementor-button-wrapper\">\n\t\t\t\t\t<a class=\"elementor-button elementor-button-link elementor-size-sm\" href=\"http:\/\/ucsrkeeper.ro\/?page_id=256\">\n\t\t\t\t\t\t<span class=\"elementor-button-content-wrapper\">\n\t\t\t\t\t\t\t\t\t<span class=\"elementor-button-text\">Contacta\u021bi-ne<\/span>\n\t\t\t\t\t<\/span>\n\t\t\t\t\t<\/a>\n\t\t\t\t<\/div>\n\t\t\t\t\t\t\t\t<\/div>\n\t\t\t\t<\/div>\n\t\t\t\t\t<\/div>\n\t\t\t\t<\/div>\n\t\t\t\t<\/div>\n\t\t","protected":false},"excerpt":{"rendered":"<p>Kiosk-uri de autoservire \u00cembun\u0103t\u0103\u021bi\u021bi experien\u021ba fast-food cu chio\u0219curile r_keeper Rapid. Eficient. U\u0219or de utilizat. Rapide, eficiente \u0219i incredibil de u\u0219or de utilizat, chio\u0219curile noastre le permit clien\u021bilor dvs. s\u0103 plaseze comenzi dup\u0103 bunul lor plac, reduc\u00e2nd timpii de a\u0219teptare \u0219i sporind satisfac\u021bia. P\u0103trunde\u021bi \u00een viitorul restaurantelor, unde tehnologia \u00eent\u00e2lne\u0219te gustul. Cre\u0219te\u021bi eficien\u021ba restaurantului dvs. \u0219i [&hellip;]<\/p>\n","protected":false},"author":1,"featured_media":0,"parent":0,"menu_order":0,"comment_status":"closed","ping_status":"closed","template":"elementor_header_footer","meta":{"footnotes":""},"class_list":["post-1851","page","type-page","status-publish","hentry"],"_links":{"self":[{"href":"https:\/\/ucsrkeeper.ro\/index.php?rest_route=\/wp\/v2\/pages\/1851","targetHints":{"allow":["GET"]}}],"collection":[{"href":"https:\/\/ucsrkeeper.ro\/index.php?rest_route=\/wp\/v2\/pages"}],"about":[{"href":"https:\/\/ucsrkeeper.ro\/index.php?rest_route=\/wp\/v2\/types\/page"}],"author":[{"embeddable":true,"href":"https:\/\/ucsrkeeper.ro\/index.php?rest_route=\/wp\/v2\/users\/1"}],"replies":[{"embeddable":true,"href":"https:\/\/ucsrkeeper.ro\/index.php?rest_route=%2Fwp%2Fv2%2Fcomments&post=1851"}],"version-history":[{"count":6,"href":"https:\/\/ucsrkeeper.ro\/index.php?rest_route=\/wp\/v2\/pages\/1851\/revisions"}],"predecessor-version":[{"id":3697,"href":"https:\/\/ucsrkeeper.ro\/index.php?rest_route=\/wp\/v2\/pages\/1851\/revisions\/3697"}],"wp:attachment":[{"href":"https:\/\/ucsrkeeper.ro\/index.php?rest_route=%2Fwp%2Fv2%2Fmedia&parent=1851"}],"curies":[{"name":"wp","href":"https:\/\/api.w.org\/{rel}","templated":true}]}}