{"id":2492,"date":"2025-07-14T16:04:46","date_gmt":"2025-07-14T13:04:46","guid":{"rendered":"https:\/\/rkeeper.us\/?page_id=2492"},"modified":"2025-07-22T11:58:30","modified_gmt":"2025-07-22T08:58:30","slug":"drive-through","status":"publish","type":"page","link":"https:\/\/ucsrkeeper.ro\/?page_id=2492","title":{"rendered":"Drive-through"},"content":{"rendered":"<h3>Drive-through<\/h3>\n<h2 id=\"Drive-Through:-Speed-Up-Serve-More-Smile-Often-1\"><strong>Drive-Through: Accelereaz\u0103, serve\u0219te mai mult, z\u00e2mbe\u0219te des<\/strong><\/h2>\n<h3 id=\"Fast.-Frictionless.-Fully-Integrated.-2\">Rapid. F\u0103r\u0103 fric\u021biune. Complet integrat.  <\/h3>\n<p>Drive-through-ul modern nu este doar o fereastr\u0103 \u0219i un difuzor.<br \/>Este un sistem bine uns care conecteaz\u0103 meniul, buc\u0103t\u0103ria, plata \u0219i clientul &#8211; \u00een c\u00e2teva secunde.<br \/><strong>Solu\u021bia<\/strong> noastr\u0103 <strong>Drive-Through<\/strong> v\u0103 ofer\u0103 tot ce ave\u021bi nevoie pentru a servi mai multe ma\u0219ini, mai repede \u0219i cu mai pu\u021bine gre\u0219eli.<\/p>\n<p>De la ecran la sandwich &#8211; ra\u021bionaliza\u021bi \u00eentregul culoar.<\/p>\n<h3 id=\"Built-for-Speed-and-Accuracy-2\"><strong>Construit pentru vitez\u0103 \u0219i acurate\u021be<\/strong><\/h3>\n<p><img fetchpriority=\"high\" decoding=\"async\" style=\"margin: 8px 8px 0px;\" src=\"https:\/\/img.perfectwiki.xyz\/insecure\/resize:fit:400\/aHR0cHM6Ly9zdG9yYWdlLmdvb2dsZWFwaXMuY29tL3BlcmZlY3Rfd2lraS9jMThmZTZmNy03MTRiLTQxMzItYmI1NC0zNTY0ODc3NWVkMGMvNWhqMGlFVlkzaUtwbDRKQ1RhTGsvJUQwJUI4JUQwJUI3JUQwJUJFJUQwJUIxJUQxJTgwJUQwJUIwJUQwJUI2JUQwJUI1JUQwJUJEJUQwJUI4JUQwJUI1XzZmZWI4ZTcwLTdkYWMtNGUyMC1iMTBkLWFiYTdmOTllODczNS5wbmc.webp\" sizes=\"100vw\" srcset=\"https:\/\/img.perfectwiki.xyz\/insecure\/resize:fit:400\/aHR0cHM6Ly9zdG9yYWdlLmdvb2dsZWFwaXMuY29tL3BlcmZlY3Rfd2lraS9jMThmZTZmNy03MTRiLTQxMzItYmI1NC0zNTY0ODc3NWVkMGMvNWhqMGlFVlkzaUtwbDRKQ1RhTGsvJUQwJUI4JUQwJUI3JUQwJUJFJUQwJUIxJUQxJTgwJUQwJUIwJUQwJUI2JUQwJUI1JUQwJUJEJUQwJUI4JUQwJUI1XzZmZWI4ZTcwLTdkYWMtNGUyMC1iMTBkLWFiYTdmOTllODczNS5wbmc.webp 400w, https:\/\/img.perfectwiki.xyz\/insecure\/resize:fit:800\/aHR0cHM6Ly9zdG9yYWdlLmdvb2dsZWFwaXMuY29tL3BlcmZlY3Rfd2lraS9jMThmZTZmNy03MTRiLTQxMzItYmI1NC0zNTY0ODc3NWVkMGMvNWhqMGlFVlkzaUtwbDRKQ1RhTGsvJUQwJUI4JUQwJUI3JUQwJUJFJUQwJUIxJUQxJTgwJUQwJUIwJUQwJUI2JUQwJUI1JUQwJUJEJUQwJUI4JUQwJUI1XzZmZWI4ZTcwLTdkYWMtNGUyMC1iMTBkLWFiYTdmOTllODczNS5wbmc.webp 800w, https:\/\/img.perfectwiki.xyz\/insecure\/resize:fit:1200\/aHR0cHM6Ly9zdG9yYWdlLmdvb2dsZWFwaXMuY29tL3BlcmZlY3Rfd2lraS9jMThmZTZmNy03MTRiLTQxMzItYmI1NC0zNTY0ODc3NWVkMGMvNWhqMGlFVlkzaUtwbDRKQ1RhTGsvJUQwJUI4JUQwJUI3JUQwJUJFJUQwJUIxJUQxJTgwJUQwJUIwJUQwJUI2JUQwJUI1JUQwJUJEJUQwJUI4JUQwJUI1XzZmZWI4ZTcwLTdkYWMtNGUyMC1iMTBkLWFiYTdmOTllODczNS5wbmc.webp 1200w, https:\/\/img.perfectwiki.xyz\/insecure\/aHR0cHM6Ly9zdG9yYWdlLmdvb2dsZWFwaXMuY29tL3BlcmZlY3Rfd2lraS9jMThmZTZmNy03MTRiLTQxMzItYmI1NC0zNTY0ODc3NWVkMGMvNWhqMGlFVlkzaUtwbDRKQ1RhTGsvJUQwJUI4JUQwJUI3JUQwJUJFJUQwJUIxJUQxJTgwJUQwJUIwJUQwJUI2JUQwJUI1JUQwJUJEJUQwJUI4JUQwJUI1XzZmZWI4ZTcwLTdkYWMtNGUyMC1iMTBkLWFiYTdmOTllODczNS5wbmc.webp 1400w\" alt=\"solu\u021bii \/ 8 Drive-through  \" width=\"325\" height=\"217\"><\/p>\n<p><strong>Panouri de comand\u0103 f\u0103r\u0103 atingere<\/strong><br \/>Permite\u021bi clien\u021bilor s\u0103 plaseze comenzi prin intermediul ecranului tactil sau vocal, cu o interfa\u021b\u0103 de utilizator prietenoas\u0103 &#8211; chiar \u0219i din ma\u0219in\u0103.<\/p>\n<p><strong>POS integrat \u0219i flux de lucru \u00een buc\u0103t\u0103rie<\/strong><br \/>Comenzile apar instantaneu \u00een coada de a\u0219teptare din buc\u0103t\u0103rie. F\u0103r\u0103 rescriere. F\u0103r\u0103 \u00eent\u00e2rzieri.  <\/p>\n<p><strong>Pl\u0103\u021bi rapide \u0219i flexibile<\/strong><br \/>Accepta\u021bi carduri, tap, QR sau portofele mobile &#8211; chiar la fereastr\u0103.<\/p>\n<p><strong>\u00cencas\u0103ri instantanee \u0219i rechemare a comenzilor<\/strong><br \/>Imprimare rapid\u0103, rechemare automat\u0103 a comenzilor anterioare \u0219i vizibilitate complet\u0103 a clien\u021bilor.<\/p>\n<p><strong>Instrumente de gestionare a cozilor<\/strong><br \/>Urm\u0103ri\u021bi num\u0103rul de ma\u0219ini, timpii de a\u0219teptare \u0219i optimiza\u021bi fluxul cu date live.<\/p>\n<h3 id=\"Why-It-Works-2\"><strong>De ce func\u021bioneaz\u0103<\/strong><\/h3>\n<p><img decoding=\"async\" style=\"margin: 8px 8px 0px;\" src=\"https:\/\/img.perfectwiki.xyz\/insecure\/resize:fit:400\/aHR0cHM6Ly9zdG9yYWdlLmdvb2dsZWFwaXMuY29tL3BlcmZlY3Rfd2lraS9jMThmZTZmNy03MTRiLTQxMzItYmI1NC0zNTY0ODc3NWVkMGMvNWhqMGlFVlkzaUtwbDRKQ1RhTGsvJUQwJUI4JUQwJUI3JUQwJUJFJUQwJUIxJUQxJTgwJUQwJUIwJUQwJUI2JUQwJUI1JUQwJUJEJUQwJUI4JUQwJUI1XzkwMjgyODY5LTAwNWUtNDY4OC04MmU3LWIwM2ZkMGRmYjA4ZC5wbmc.webp\" sizes=\"100vw\" srcset=\"https:\/\/img.perfectwiki.xyz\/insecure\/resize:fit:400\/aHR0cHM6Ly9zdG9yYWdlLmdvb2dsZWFwaXMuY29tL3BlcmZlY3Rfd2lraS9jMThmZTZmNy03MTRiLTQxMzItYmI1NC0zNTY0ODc3NWVkMGMvNWhqMGlFVlkzaUtwbDRKQ1RhTGsvJUQwJUI4JUQwJUI3JUQwJUJFJUQwJUIxJUQxJTgwJUQwJUIwJUQwJUI2JUQwJUI1JUQwJUJEJUQwJUI4JUQwJUI1XzkwMjgyODY5LTAwNWUtNDY4OC04MmU3LWIwM2ZkMGRmYjA4ZC5wbmc.webp 400w, https:\/\/img.perfectwiki.xyz\/insecure\/resize:fit:800\/aHR0cHM6Ly9zdG9yYWdlLmdvb2dsZWFwaXMuY29tL3BlcmZlY3Rfd2lraS9jMThmZTZmNy03MTRiLTQxMzItYmI1NC0zNTY0ODc3NWVkMGMvNWhqMGlFVlkzaUtwbDRKQ1RhTGsvJUQwJUI4JUQwJUI3JUQwJUJFJUQwJUIxJUQxJTgwJUQwJUIwJUQwJUI2JUQwJUI1JUQwJUJEJUQwJUI4JUQwJUI1XzkwMjgyODY5LTAwNWUtNDY4OC04MmU3LWIwM2ZkMGRmYjA4ZC5wbmc.webp 800w, https:\/\/img.perfectwiki.xyz\/insecure\/resize:fit:1200\/aHR0cHM6Ly9zdG9yYWdlLmdvb2dsZWFwaXMuY29tL3BlcmZlY3Rfd2lraS9jMThmZTZmNy03MTRiLTQxMzItYmI1NC0zNTY0ODc3NWVkMGMvNWhqMGlFVlkzaUtwbDRKQ1RhTGsvJUQwJUI4JUQwJUI3JUQwJUJFJUQwJUIxJUQxJTgwJUQwJUIwJUQwJUI2JUQwJUI1JUQwJUJEJUQwJUI4JUQwJUI1XzkwMjgyODY5LTAwNWUtNDY4OC04MmU3LWIwM2ZkMGRmYjA4ZC5wbmc.webp 1200w, https:\/\/img.perfectwiki.xyz\/insecure\/aHR0cHM6Ly9zdG9yYWdlLmdvb2dsZWFwaXMuY29tL3BlcmZlY3Rfd2lraS9jMThmZTZmNy03MTRiLTQxMzItYmI1NC0zNTY0ODc3NWVkMGMvNWhqMGlFVlkzaUtwbDRKQ1RhTGsvJUQwJUI4JUQwJUI3JUQwJUJFJUQwJUIxJUQxJTgwJUQwJUIwJUQwJUI2JUQwJUI1JUQwJUJEJUQwJUI4JUQwJUI1XzkwMjgyODY5LTAwNWUtNDY4OC04MmU3LWIwM2ZkMGRmYjA4ZC5wbmc.webp 1400w\" alt=\"solu\u021bii \/ 8 Drive-through  \" width=\"417\" height=\"278\"><\/p>\n<p><strong>Servi\u021bi mai mul\u021bi clien\u021bi \u00een mai pu\u021bin timp<\/strong><br \/>Introducerea mai rapid\u0103 a comenzilor \u0219i procesarea buc\u0103t\u0103riei \u00eenseamn\u0103 cozi mai scurte \u0219i un randament mai mare.<\/p>\n<p><strong>Mai pu\u021bine erori = oaspe\u021bi mai ferici\u021bi<\/strong><br \/>Comenzile integrate minimizeaz\u0103 erorile de comunicare &#8211; comenzile sunt \u00eentotdeauna corecte.<\/p>\n<p><strong>Monitorizare \u00een timp real<\/strong><br \/>Ob\u021bine\u021bi date \u00een timp real privind timpii medii de a\u0219teptare, cobor\u00e2rile \u0219i orele de v\u00e2rf de performan\u021b\u0103.<\/p>\n<p><strong>Experien\u021b\u0103 profesional\u0103<\/strong><br \/>Oferi\u021bi clien\u021bilor experien\u021ba pe care o a\u0219teapt\u0103 de la brandurile QSR moderne &#8211; rapid, u\u0219or, tehnologic.<\/p>\n<p><img decoding=\"async\" src=\"https:\/\/img.perfectwiki.xyz\/insecure\/resize:fit:400\/aHR0cHM6Ly9zdG9yYWdlLmdvb2dsZWFwaXMuY29tL3BlcmZlY3Rfd2lraS9jMThmZTZmNy03MTRiLTQxMzItYmI1NC0zNTY0ODc3NWVkMGMvNWhqMGlFVlkzaUtwbDRKQ1RhTGsvJUQwJUI4JUQwJUI3JUQwJUJFJUQwJUIxJUQxJTgwJUQwJUIwJUQwJUI2JUQwJUI1JUQwJUJEJUQwJUI4JUQwJUI1Xzc0ZjZlZDk0LTIwZjUtNGYwNS1iOTI5LWEzZGM3ZDExYWRhMC5wbmc.webp\" sizes=\"100vw\" srcset=\"https:\/\/img.perfectwiki.xyz\/insecure\/resize:fit:400\/aHR0cHM6Ly9zdG9yYWdlLmdvb2dsZWFwaXMuY29tL3BlcmZlY3Rfd2lraS9jMThmZTZmNy03MTRiLTQxMzItYmI1NC0zNTY0ODc3NWVkMGMvNWhqMGlFVlkzaUtwbDRKQ1RhTGsvJUQwJUI4JUQwJUI3JUQwJUJFJUQwJUIxJUQxJTgwJUQwJUIwJUQwJUI2JUQwJUI1JUQwJUJEJUQwJUI4JUQwJUI1Xzc0ZjZlZDk0LTIwZjUtNGYwNS1iOTI5LWEzZGM3ZDExYWRhMC5wbmc.webp 400w, https:\/\/img.perfectwiki.xyz\/insecure\/resize:fit:800\/aHR0cHM6Ly9zdG9yYWdlLmdvb2dsZWFwaXMuY29tL3BlcmZlY3Rfd2lraS9jMThmZTZmNy03MTRiLTQxMzItYmI1NC0zNTY0ODc3NWVkMGMvNWhqMGlFVlkzaUtwbDRKQ1RhTGsvJUQwJUI4JUQwJUI3JUQwJUJFJUQwJUIxJUQxJTgwJUQwJUIwJUQwJUI2JUQwJUI1JUQwJUJEJUQwJUI4JUQwJUI1Xzc0ZjZlZDk0LTIwZjUtNGYwNS1iOTI5LWEzZGM3ZDExYWRhMC5wbmc.webp 800w, https:\/\/img.perfectwiki.xyz\/insecure\/resize:fit:1200\/aHR0cHM6Ly9zdG9yYWdlLmdvb2dsZWFwaXMuY29tL3BlcmZlY3Rfd2lraS9jMThmZTZmNy03MTRiLTQxMzItYmI1NC0zNTY0ODc3NWVkMGMvNWhqMGlFVlkzaUtwbDRKQ1RhTGsvJUQwJUI4JUQwJUI3JUQwJUJFJUQwJUIxJUQxJTgwJUQwJUIwJUQwJUI2JUQwJUI1JUQwJUJEJUQwJUI4JUQwJUI1Xzc0ZjZlZDk0LTIwZjUtNGYwNS1iOTI5LWEzZGM3ZDExYWRhMC5wbmc.webp 1200w, https:\/\/img.perfectwiki.xyz\/insecure\/aHR0cHM6Ly9zdG9yYWdlLmdvb2dsZWFwaXMuY29tL3BlcmZlY3Rfd2lraS9jMThmZTZmNy03MTRiLTQxMzItYmI1NC0zNTY0ODc3NWVkMGMvNWhqMGlFVlkzaUtwbDRKQ1RhTGsvJUQwJUI4JUQwJUI3JUQwJUJFJUQwJUIxJUQxJTgwJUQwJUIwJUQwJUI2JUQwJUI1JUQwJUJEJUQwJUI4JUQwJUI1Xzc0ZjZlZDk0LTIwZjUtNGYwNS1iOTI5LWEzZGM3ZDExYWRhMC5wbmc.webp 1400w\" alt=\"solu\u021bii \/ 8 Drive-through  \" width=\"232\" height=\"349\"><\/p>\n<h3 id=\"Drive-Through-for-Every-Scale-2\"><strong>Drive-Through pentru fiecare scar\u0103<\/strong><\/h3>\n<ul>\n<li><strong>Fast Food &amp; QSR<\/strong>: Trece\u021bi prin graba pr\u00e2nzului ca un profesionist<\/li>\n<li><strong>Lan\u021buri de cafea<\/strong>: Men\u021bine\u021bi coada de diminea\u021b\u0103 \u00een mi\u0219care<\/li>\n<li><strong>Restaurante de tip takeaway<\/strong>: Gestiona\u021bi mai multe ridic\u0103ri f\u0103r\u0103 haos<\/li>\n<li><strong>Loca\u021bii pe autostrad\u0103<\/strong>: Servi\u021bi c\u0103l\u0103torii \u00een mi\u0219care &#8211; f\u0103r\u0103 s\u0103 \u00eencetini\u021bi<\/li>\n<\/ul>\n<h2 id=\"Turn-Your-Parking-Lot-Into-a-Profit-Machine-1\"><strong>Transforma\u021bi parcarea dvs. \u00eentr-o ma\u0219in\u0103 de profit<\/strong><\/h2>\n<p>Cu instrumentele potrivite, drive-through-ul devine mai mult dec\u00e2t comoditate &#8211; devine cel mai important canal de v\u00e2nz\u0103ri.<\/p>\n<p>\t\t\t\t\t<a href=\"https:\/\/rkeeper.us\/?page_id=256\"><br \/>\n\t\t\t\t\t\t\t\t\tContacta\u021bi-ne<br \/>\n\t\t\t\t\t<\/a><\/p>\n","protected":false},"excerpt":{"rendered":"<p>Drive-through Drive-Through: Accelereaz\u0103, serve\u0219te mai mult, z\u00e2mbe\u0219te des Rapid. F\u0103r\u0103 fric\u021biune. Complet integrat. Drive-through-ul modern nu este doar o fereastr\u0103 \u0219i un difuzor.Este un sistem bine uns care conecteaz\u0103 meniul, buc\u0103t\u0103ria, plata \u0219i clientul &#8211; \u00een c\u00e2teva secunde.Solu\u021bia noastr\u0103 Drive-Through v\u0103 ofer\u0103 tot ce ave\u021bi nevoie pentru a servi mai multe ma\u0219ini, mai repede \u0219i [&hellip;]<\/p>\n","protected":false},"author":1,"featured_media":0,"parent":0,"menu_order":0,"comment_status":"closed","ping_status":"closed","template":"","meta":{"footnotes":""},"class_list":["post-2492","page","type-page","status-publish","hentry"],"_links":{"self":[{"href":"https:\/\/ucsrkeeper.ro\/index.php?rest_route=\/wp\/v2\/pages\/2492","targetHints":{"allow":["GET"]}}],"collection":[{"href":"https:\/\/ucsrkeeper.ro\/index.php?rest_route=\/wp\/v2\/pages"}],"about":[{"href":"https:\/\/ucsrkeeper.ro\/index.php?rest_route=\/wp\/v2\/types\/page"}],"author":[{"embeddable":true,"href":"https:\/\/ucsrkeeper.ro\/index.php?rest_route=\/wp\/v2\/users\/1"}],"replies":[{"embeddable":true,"href":"https:\/\/ucsrkeeper.ro\/index.php?rest_route=%2Fwp%2Fv2%2Fcomments&post=2492"}],"version-history":[{"count":5,"href":"https:\/\/ucsrkeeper.ro\/index.php?rest_route=\/wp\/v2\/pages\/2492\/revisions"}],"predecessor-version":[{"id":3622,"href":"https:\/\/ucsrkeeper.ro\/index.php?rest_route=\/wp\/v2\/pages\/2492\/revisions\/3622"}],"wp:attachment":[{"href":"https:\/\/ucsrkeeper.ro\/index.php?rest_route=%2Fwp%2Fv2%2Fmedia&parent=2492"}],"curies":[{"name":"wp","href":"https:\/\/api.w.org\/{rel}","templated":true}]}}