{"id":2535,"date":"2025-07-14T15:42:44","date_gmt":"2025-07-14T12:42:44","guid":{"rendered":"https:\/\/rkeeper.us\/?page_id=2535"},"modified":"2025-07-22T12:00:57","modified_gmt":"2025-07-22T09:00:57","slug":"managementul-inventarului","status":"publish","type":"page","link":"https:\/\/ucsrkeeper.ro\/?page_id=2535","title":{"rendered":"Managementul inventarului"},"content":{"rendered":"\t\t<div data-elementor-type=\"wp-page\" data-elementor-id=\"2535\" class=\"elementor elementor-2535 elementor-2199\" data-elementor-post-type=\"page\">\n\t\t\t\t<div class=\"elementor-element elementor-element-54294efb e-flex e-con-boxed e-con e-parent\" data-id=\"54294efb\" data-element_type=\"container\" data-e-type=\"container\">\n\t\t\t\t\t<div class=\"e-con-inner\">\n\t\t\t\t<div class=\"elementor-element elementor-element-38df2e54 elementor-widget elementor-widget-heading\" data-id=\"38df2e54\" data-element_type=\"widget\" data-e-type=\"widget\" data-widget_type=\"heading.default\">\n\t\t\t\t<div class=\"elementor-widget-container\">\n\t\t\t\t\t<h3 class=\"elementor-heading-title elementor-size-default\">Managementul inventarului<\/h3>\t\t\t\t<\/div>\n\t\t\t\t<\/div>\n\t\t\t\t<div class=\"elementor-element elementor-element-7e621205 elementor-widget elementor-widget-text-editor\" data-id=\"7e621205\" data-element_type=\"widget\" data-e-type=\"widget\" data-widget_type=\"text-editor.default\">\n\t\t\t\t<div class=\"elementor-widget-container\">\n\t\t\t\t\t\t\t\t\t<h2 id=\"Inventory-Management-Made-Simple-1\"><strong>Gestionarea inventarului simplificat\u0103<\/strong><\/h2><h3 id=\"Know-What-You-Have.-Control-What-You-Need.-2\">\u0218ti\u021bi ce ave\u021bi. Controleaz\u0103 ce ai nevoie. <\/h3><p>Ia-\u021bi adio de la presupuneri, lipsuri \u0219i suprastocuri.<br><strong>Sistemul<\/strong> nostru <strong>de gestionare a stocurilor<\/strong> \u00ee\u021bi ofer\u0103 control total asupra stocurilor restaurantului t\u0103u &#8211; \u00een timp real. De la ingrediente proaspete la \u0219erve\u021bele de h\u00e2rtie, urm\u0103ri\u021bi totul f\u0103r\u0103 efort \u0219i reduce\u021bi risipa ca un profesionist. <\/p><p>De la buc\u0103t\u0103rie la depozitare &#8211; vizibilitate total\u0103, zero stres.<\/p><h3 id=\"Why-Inventory-Management-Matters-2\"><strong>De ce este important\u0103 gestionarea stocurilor<\/strong><\/h3><p><img fetchpriority=\"high\" decoding=\"async\" class=\"alignright\" style=\"width: 324px; height: 394px;\" src=\"https:\/\/img.perfectwiki.xyz\/insecure\/resize:fit:400\/aHR0cHM6Ly9zdG9yYWdlLmdvb2dsZWFwaXMuY29tL3BlcmZlY3Rfd2lraS9jMThmZTZmNy03MTRiLTQxMzItYmI1NC0zNTY0ODc3NWVkMGMvakRWZWJVOFpYRkFjZVpqT3BIWVIvJUQwJUI4JUQwJUI3JUQwJUJFJUQwJUIxJUQxJTgwJUQwJUIwJUQwJUI2JUQwJUI1JUQwJUJEJUQwJUI4JUQwJUI1XzExMGZkMjVlLWRiZTgtNGNhNC1iMGU0LTQzMjU1NjVjYzQxYy5wbmc.webp\" sizes=\"100vw\" srcset=\"https:\/\/img.perfectwiki.xyz\/insecure\/resize:fit:400\/aHR0cHM6Ly9zdG9yYWdlLmdvb2dsZWFwaXMuY29tL3BlcmZlY3Rfd2lraS9jMThmZTZmNy03MTRiLTQxMzItYmI1NC0zNTY0ODc3NWVkMGMvakRWZWJVOFpYRkFjZVpqT3BIWVIvJUQwJUI4JUQwJUI3JUQwJUJFJUQwJUIxJUQxJTgwJUQwJUIwJUQwJUI2JUQwJUI1JUQwJUJEJUQwJUI4JUQwJUI1XzExMGZkMjVlLWRiZTgtNGNhNC1iMGU0LTQzMjU1NjVjYzQxYy5wbmc.webp 400w, https:\/\/img.perfectwiki.xyz\/insecure\/resize:fit:800\/aHR0cHM6Ly9zdG9yYWdlLmdvb2dsZWFwaXMuY29tL3BlcmZlY3Rfd2lraS9jMThmZTZmNy03MTRiLTQxMzItYmI1NC0zNTY0ODc3NWVkMGMvakRWZWJVOFpYRkFjZVpqT3BIWVIvJUQwJUI4JUQwJUI3JUQwJUJFJUQwJUIxJUQxJTgwJUQwJUIwJUQwJUI2JUQwJUI1JUQwJUJEJUQwJUI4JUQwJUI1XzExMGZkMjVlLWRiZTgtNGNhNC1iMGU0LTQzMjU1NjVjYzQxYy5wbmc.webp 800w, https:\/\/img.perfectwiki.xyz\/insecure\/resize:fit:1200\/aHR0cHM6Ly9zdG9yYWdlLmdvb2dsZWFwaXMuY29tL3BlcmZlY3Rfd2lraS9jMThmZTZmNy03MTRiLTQxMzItYmI1NC0zNTY0ODc3NWVkMGMvakRWZWJVOFpYRkFjZVpqT3BIWVIvJUQwJUI4JUQwJUI3JUQwJUJFJUQwJUIxJUQxJTgwJUQwJUIwJUQwJUI2JUQwJUI1JUQwJUJEJUQwJUI4JUQwJUI1XzExMGZkMjVlLWRiZTgtNGNhNC1iMGU0LTQzMjU1NjVjYzQxYy5wbmc.webp 1200w, https:\/\/img.perfectwiki.xyz\/insecure\/aHR0cHM6Ly9zdG9yYWdlLmdvb2dsZWFwaXMuY29tL3BlcmZlY3Rfd2lraS9jMThmZTZmNy03MTRiLTQxMzItYmI1NC0zNTY0ODc3NWVkMGMvakRWZWJVOFpYRkFjZVpqT3BIWVIvJUQwJUI4JUQwJUI3JUQwJUJFJUQwJUIxJUQxJTgwJUQwJUIwJUQwJUI2JUQwJUI1JUQwJUJEJUQwJUI4JUQwJUI1XzExMGZkMjVlLWRiZTgtNGNhNC1iMGU0LTQzMjU1NjVjYzQxYy5wbmc.webp 1400w\" alt=\"produse \/ 4 Gestionarea stocurilor\" width=\"218\" height=\"266\"><\/p><p><strong>Urm\u0103rire precis\u0103 a stocurilor<\/strong><br>Vede\u021bi exact ce se afl\u0103 \u00een stoc, ce nu se mai g\u0103se\u0219te \u0219i ce trebuie comandat &#8211; dintr-o singur\u0103 privire.<\/p><p><strong>Reduce\u021bi risipa, economisi\u021bi bani<\/strong><br>Primi\u021bi alerte privind datele de expirare, urm\u0103ri\u021bi modelele de utilizare \u0219i comanda\u021bi numai ceea ce ave\u021bi nevoie.<\/p><p><strong>Verific\u0103ri mai rapide ale inventarului<\/strong><br>Renun\u021ba\u021bi la foile de calcul. Scana\u021bi, num\u0103ra\u021bi \u0219i sincroniza\u021bi \u00een c\u00e2teva secunde &#8211; chiar \u0219i de pe telefon sau tablet\u0103. <\/p><p><strong>Suport pentru mai multe loca\u021bii<\/strong><br>Gestiona\u021bi mai multe puncte de v\u00e2nzare? Ob\u021bine\u021bi o vizualizare unificat\u0103 a inventarului \u00een toate loca\u021biile dvs. <\/p><p><strong>Rapoarte \u0219i previziuni inteligente<\/strong><br>Prevede\u021bi cererea, evita\u021bi lipsurile \u0219i optimiza\u021bi-v\u0103 achizi\u021biile cu ajutorul informa\u021biilor bazate pe date.<\/p><h3 id=\"Key-Features-2\"><strong>Caracteristici principale<\/strong><\/h3><p><img decoding=\"async\" class=\"alignleft\" src=\"https:\/\/img.perfectwiki.xyz\/insecure\/resize:fit:400\/aHR0cHM6Ly9zdG9yYWdlLmdvb2dsZWFwaXMuY29tL3BlcmZlY3Rfd2lraS9jMThmZTZmNy03MTRiLTQxMzItYmI1NC0zNTY0ODc3NWVkMGMvakRWZWJVOFpYRkFjZVpqT3BIWVIvJUQwJUI4JUQwJUI3JUQwJUJFJUQwJUIxJUQxJTgwJUQwJUIwJUQwJUI2JUQwJUI1JUQwJUJEJUQwJUI4JUQwJUI1X2EwOWQzOWQ2LWE2YjEtNDJmMC1hMzcyLTQzMzFhZGJiMWNmMi5wbmc.webp\" sizes=\"100vw\" srcset=\"https:\/\/img.perfectwiki.xyz\/insecure\/resize:fit:400\/aHR0cHM6Ly9zdG9yYWdlLmdvb2dsZWFwaXMuY29tL3BlcmZlY3Rfd2lraS9jMThmZTZmNy03MTRiLTQxMzItYmI1NC0zNTY0ODc3NWVkMGMvakRWZWJVOFpYRkFjZVpqT3BIWVIvJUQwJUI4JUQwJUI3JUQwJUJFJUQwJUIxJUQxJTgwJUQwJUIwJUQwJUI2JUQwJUI1JUQwJUJEJUQwJUI4JUQwJUI1X2EwOWQzOWQ2LWE2YjEtNDJmMC1hMzcyLTQzMzFhZGJiMWNmMi5wbmc.webp 400w, https:\/\/img.perfectwiki.xyz\/insecure\/resize:fit:800\/aHR0cHM6Ly9zdG9yYWdlLmdvb2dsZWFwaXMuY29tL3BlcmZlY3Rfd2lraS9jMThmZTZmNy03MTRiLTQxMzItYmI1NC0zNTY0ODc3NWVkMGMvakRWZWJVOFpYRkFjZVpqT3BIWVIvJUQwJUI4JUQwJUI3JUQwJUJFJUQwJUIxJUQxJTgwJUQwJUIwJUQwJUI2JUQwJUI1JUQwJUJEJUQwJUI4JUQwJUI1X2EwOWQzOWQ2LWE2YjEtNDJmMC1hMzcyLTQzMzFhZGJiMWNmMi5wbmc.webp 800w, https:\/\/img.perfectwiki.xyz\/insecure\/resize:fit:1200\/aHR0cHM6Ly9zdG9yYWdlLmdvb2dsZWFwaXMuY29tL3BlcmZlY3Rfd2lraS9jMThmZTZmNy03MTRiLTQxMzItYmI1NC0zNTY0ODc3NWVkMGMvakRWZWJVOFpYRkFjZVpqT3BIWVIvJUQwJUI4JUQwJUI3JUQwJUJFJUQwJUIxJUQxJTgwJUQwJUIwJUQwJUI2JUQwJUI1JUQwJUJEJUQwJUI4JUQwJUI1X2EwOWQzOWQ2LWE2YjEtNDJmMC1hMzcyLTQzMzFhZGJiMWNmMi5wbmc.webp 1200w, https:\/\/img.perfectwiki.xyz\/insecure\/aHR0cHM6Ly9zdG9yYWdlLmdvb2dsZWFwaXMuY29tL3BlcmZlY3Rfd2lraS9jMThmZTZmNy03MTRiLTQxMzItYmI1NC0zNTY0ODc3NWVkMGMvakRWZWJVOFpYRkFjZVpqT3BIWVIvJUQwJUI4JUQwJUI3JUQwJUJFJUQwJUIxJUQxJTgwJUQwJUIwJUQwJUI2JUQwJUI1JUQwJUJEJUQwJUI4JUQwJUI1X2EwOWQzOWQ2LWE2YjEtNDJmMC1hMzcyLTQzMzFhZGJiMWNmMi5wbmc.webp 1400w\" alt=\"produse \/ 4 Gestionarea stocurilor\" width=\"210\" height=\"316\"><\/p><ul><li><strong>Actualiz\u0103ri \u00een timp real ale stocurilor<\/strong><br>Vizibilitate live a tuturor produselor, actualizat\u0103 automat dup\u0103 fiecare v\u00e2nzare sau livrare.<\/li><li><strong>Urm\u0103rire pe baz\u0103 de re\u021bet\u0103<\/strong><br>Urm\u0103ri\u021bi utilizarea ingredientelor pe baza meniurilor v\u00e2ndute &#8211; \u0219ti\u021bi ce se utilizeaz\u0103 \u0219i c\u00e2nd.<\/li><li><strong>Recomand\u0103ri de cump\u0103rare automat\u0103<\/strong><br>Sistemul sugereaz\u0103 c\u00e2nd \u0219i ce s\u0103 comanda\u021bi pe baza tendin\u021belor de consum.<\/li><li><strong>Gestionarea furnizorilor<\/strong><br>Stoca\u021bi informa\u021biile despre furnizori, pre\u021burile \u0219i istoricul achizi\u021biilor \u00eentr-un singur loc.<\/li><li><strong>Transferuri de stocuri<\/strong><br>Muta\u021bi articolele \u00eentre loca\u021bii cu trasabilitate complet\u0103.<\/li><\/ul><figure class=\"image image_resized\"><img decoding=\"async\" class=\"alignright\" src=\"https:\/\/img.perfectwiki.xyz\/insecure\/resize:fit:400\/aHR0cHM6Ly9zdG9yYWdlLmdvb2dsZWFwaXMuY29tL3BlcmZlY3Rfd2lraS9jMThmZTZmNy03MTRiLTQxMzItYmI1NC0zNTY0ODc3NWVkMGMvakRWZWJVOFpYRkFjZVpqT3BIWVIvJUQwJUI4JUQwJUI3JUQwJUJFJUQwJUIxJUQxJTgwJUQwJUIwJUQwJUI2JUQwJUI1JUQwJUJEJUQwJUI4JUQwJUI1XzA3ZWM5Y2UwLTAzNDQtNGQ1MC04OWQ2LTNmZjUwYjJkMWE1OC5wbmc.webp\" sizes=\"100vw\" srcset=\"https:\/\/img.perfectwiki.xyz\/insecure\/resize:fit:400\/aHR0cHM6Ly9zdG9yYWdlLmdvb2dsZWFwaXMuY29tL3BlcmZlY3Rfd2lraS9jMThmZTZmNy03MTRiLTQxMzItYmI1NC0zNTY0ODc3NWVkMGMvakRWZWJVOFpYRkFjZVpqT3BIWVIvJUQwJUI4JUQwJUI3JUQwJUJFJUQwJUIxJUQxJTgwJUQwJUIwJUQwJUI2JUQwJUI1JUQwJUJEJUQwJUI4JUQwJUI1XzA3ZWM5Y2UwLTAzNDQtNGQ1MC04OWQ2LTNmZjUwYjJkMWE1OC5wbmc.webp 400w, https:\/\/img.perfectwiki.xyz\/insecure\/resize:fit:800\/aHR0cHM6Ly9zdG9yYWdlLmdvb2dsZWFwaXMuY29tL3BlcmZlY3Rfd2lraS9jMThmZTZmNy03MTRiLTQxMzItYmI1NC0zNTY0ODc3NWVkMGMvakRWZWJVOFpYRkFjZVpqT3BIWVIvJUQwJUI4JUQwJUI3JUQwJUJFJUQwJUIxJUQxJTgwJUQwJUIwJUQwJUI2JUQwJUI1JUQwJUJEJUQwJUI4JUQwJUI1XzA3ZWM5Y2UwLTAzNDQtNGQ1MC04OWQ2LTNmZjUwYjJkMWE1OC5wbmc.webp 800w, https:\/\/img.perfectwiki.xyz\/insecure\/resize:fit:1200\/aHR0cHM6Ly9zdG9yYWdlLmdvb2dsZWFwaXMuY29tL3BlcmZlY3Rfd2lraS9jMThmZTZmNy03MTRiLTQxMzItYmI1NC0zNTY0ODc3NWVkMGMvakRWZWJVOFpYRkFjZVpqT3BIWVIvJUQwJUI4JUQwJUI3JUQwJUJFJUQwJUIxJUQxJTgwJUQwJUIwJUQwJUI2JUQwJUI1JUQwJUJEJUQwJUI4JUQwJUI1XzA3ZWM5Y2UwLTAzNDQtNGQ1MC04OWQ2LTNmZjUwYjJkMWE1OC5wbmc.webp 1200w, https:\/\/img.perfectwiki.xyz\/insecure\/aHR0cHM6Ly9zdG9yYWdlLmdvb2dsZWFwaXMuY29tL3BlcmZlY3Rfd2lraS9jMThmZTZmNy03MTRiLTQxMzItYmI1NC0zNTY0ODc3NWVkMGMvakRWZWJVOFpYRkFjZVpqT3BIWVIvJUQwJUI4JUQwJUI3JUQwJUJFJUQwJUIxJUQxJTgwJUQwJUIwJUQwJUI2JUQwJUI1JUQwJUJEJUQwJUI4JUQwJUI1XzA3ZWM5Y2UwLTAzNDQtNGQ1MC04OWQ2LTNmZjUwYjJkMWE1OC5wbmc.webp 1400w\" alt=\"produse \/ 4 Gestionarea stocurilor\" width=\"261\" height=\"262\"><\/figure><h3 id=\"For-Whom-2\"><strong>Pentru cine?<\/strong><\/h3><p><strong>Buc\u0103tarii \u0219i personalul din buc\u0103t\u0103rie<\/strong> &#8211; \u0218ti\u021bi ce este disponibil f\u0103r\u0103 a deschide frigiderul.<br><strong>Managerii de depozit<\/strong> &#8211; Scap\u0103 manual de stocurile \u00eenvechite.<br><strong>Proprietari de restaurante<\/strong> &#8211; Urm\u0103ri\u021bi fiecare cost. Reduce\u021bi fiecare pierdere. <\/p><h2 id=\"Run-Lean.-Save-Big.-Scale-Smart.-1\"><strong>Rula\u021bi Lean. Economisi\u021bi mult. Cre\u0219te\u021bi inteligent.  <\/strong><\/h2><p>Cu ajutorul instrumentului nostru de gestionare a stocurilor, nu doar urm\u0103ri\u021bi stocurile &#8211; ci \u0219i debloca\u021bi profiturile.<\/p>\t\t\t\t\t\t\t\t<\/div>\n\t\t\t\t<\/div>\n\t\t\t\t<div class=\"elementor-element elementor-element-2514b49b elementor-align-center elementor-mobile-align-center elementor-widget elementor-widget-button\" data-id=\"2514b49b\" data-element_type=\"widget\" data-e-type=\"widget\" data-widget_type=\"button.default\">\n\t\t\t\t<div class=\"elementor-widget-container\">\n\t\t\t\t\t\t\t\t\t<div class=\"elementor-button-wrapper\">\n\t\t\t\t\t<a class=\"elementor-button elementor-button-link elementor-size-sm\" href=\"https:\/\/rkeeper.us\/?page_id=256\">\n\t\t\t\t\t\t<span class=\"elementor-button-content-wrapper\">\n\t\t\t\t\t\t\t\t\t<span class=\"elementor-button-text\">Contacta\u021bi-ne<\/span>\n\t\t\t\t\t<\/span>\n\t\t\t\t\t<\/a>\n\t\t\t\t<\/div>\n\t\t\t\t\t\t\t\t<\/div>\n\t\t\t\t<\/div>\n\t\t\t\t\t<\/div>\n\t\t\t\t<\/div>\n\t\t\t\t<\/div>\n\t\t","protected":false},"excerpt":{"rendered":"<p>Managementul inventarului Gestionarea inventarului simplificat\u0103 \u0218ti\u021bi ce ave\u021bi. Controleaz\u0103 ce ai nevoie. Ia-\u021bi adio de la presupuneri, lipsuri \u0219i suprastocuri.Sistemul nostru de gestionare a stocurilor \u00ee\u021bi ofer\u0103 control total asupra stocurilor restaurantului t\u0103u &#8211; \u00een timp real. De la ingrediente proaspete la \u0219erve\u021bele de h\u00e2rtie, urm\u0103ri\u021bi totul f\u0103r\u0103 efort \u0219i reduce\u021bi risipa ca un profesionist. [&hellip;]<\/p>\n","protected":false},"author":1,"featured_media":0,"parent":0,"menu_order":0,"comment_status":"closed","ping_status":"closed","template":"","meta":{"footnotes":""},"class_list":["post-2535","page","type-page","status-publish","hentry"],"_links":{"self":[{"href":"https:\/\/ucsrkeeper.ro\/index.php?rest_route=\/wp\/v2\/pages\/2535","targetHints":{"allow":["GET"]}}],"collection":[{"href":"https:\/\/ucsrkeeper.ro\/index.php?rest_route=\/wp\/v2\/pages"}],"about":[{"href":"https:\/\/ucsrkeeper.ro\/index.php?rest_route=\/wp\/v2\/types\/page"}],"author":[{"embeddable":true,"href":"https:\/\/ucsrkeeper.ro\/index.php?rest_route=\/wp\/v2\/users\/1"}],"replies":[{"embeddable":true,"href":"https:\/\/ucsrkeeper.ro\/index.php?rest_route=%2Fwp%2Fv2%2Fcomments&post=2535"}],"version-history":[{"count":5,"href":"https:\/\/ucsrkeeper.ro\/index.php?rest_route=\/wp\/v2\/pages\/2535\/revisions"}],"predecessor-version":[{"id":3645,"href":"https:\/\/ucsrkeeper.ro\/index.php?rest_route=\/wp\/v2\/pages\/2535\/revisions\/3645"}],"wp:attachment":[{"href":"https:\/\/ucsrkeeper.ro\/index.php?rest_route=%2Fwp%2Fv2%2Fmedia&parent=2535"}],"curies":[{"name":"wp","href":"https:\/\/api.w.org\/{rel}","templated":true}]}}