{"id":2570,"date":"2025-07-14T15:28:58","date_gmt":"2025-07-14T12:28:58","guid":{"rendered":"https:\/\/rkeeper.us\/?page_id=2570"},"modified":"2025-07-22T12:09:45","modified_gmt":"2025-07-22T09:09:45","slug":"pos-cash-register","status":"publish","type":"page","link":"https:\/\/ucsrkeeper.ro\/?page_id=2570","title":{"rendered":"POS\/Cash Register"},"content":{"rendered":"\t\t<div data-elementor-type=\"wp-page\" data-elementor-id=\"2570\" class=\"elementor elementor-2570 elementor-2181\" data-elementor-post-type=\"page\">\n\t\t\t\t<div class=\"elementor-element elementor-element-520b5700 e-flex e-con-boxed e-con e-parent\" data-id=\"520b5700\" data-element_type=\"container\" data-e-type=\"container\">\n\t\t\t\t\t<div class=\"e-con-inner\">\n\t\t\t\t<div class=\"elementor-element elementor-element-6e322089 elementor-widget elementor-widget-heading\" data-id=\"6e322089\" data-element_type=\"widget\" data-e-type=\"widget\" data-widget_type=\"heading.default\">\n\t\t\t\t<div class=\"elementor-widget-container\">\n\t\t\t\t\t<h3 class=\"elementor-heading-title elementor-size-default\">POS\/Cash Register<\/h3>\t\t\t\t<\/div>\n\t\t\t\t<\/div>\n\t\t\t\t<div class=\"elementor-element elementor-element-120f9b88 elementor-widget elementor-widget-text-editor\" data-id=\"120f9b88\" data-element_type=\"widget\" data-e-type=\"widget\" data-widget_type=\"text-editor.default\">\n\t\t\t\t<div class=\"elementor-widget-container\">\n\t\t\t\t\t\t\t\t\t<h2 id=\"POS-and-Cashdesk:-Power-at-Your-Fingertips-1\"><strong>POS &amp; Cashdesk: Puterea la \u00eendem\u00e2na dumneavoastr\u0103<\/strong><\/h2><h3 id=\"Smart-Intuitive-and-Built-for-Busy-Service-2\">Inteligent, intuitiv \u0219i creat pentru servicii aglomerate<\/h3><p>Indiferent dac\u0103 conduce\u021bi un QSR rapid, o cafenea confortabil\u0103 sau un restaurant cu mai multe loca\u021bii, solu\u021bia noastr\u0103 <strong>POS \u0219i Cashdesk<\/strong> este centrul dvs. de comand\u0103 pentru toate. Accelera\u021bi serviciul, reduce\u021bi erorile, gestiona\u021bi personalul \u0219i inventarul \u0219i v\u0103 \u00eenc\u00e2nta\u021bi oaspe\u021bii &#8211; toate dintr-o singur\u0103 interfa\u021b\u0103 elegant\u0103. <\/p><p>Conceput pentru performan\u021b\u0103. Construit pentru scar\u0103. Iubit de personal.  <\/p><hr><h3 id=\"Why-Our-POS-System-2\"><strong>De ce sistemul nostru POS?<\/strong><\/h3><p><img fetchpriority=\"high\" decoding=\"async\" class=\"alignright\" style=\"margin: 8px 8px 0px;\" src=\"https:\/\/img.perfectwiki.xyz\/insecure\/resize:fit:400\/aHR0cHM6Ly9zdG9yYWdlLmdvb2dsZWFwaXMuY29tL3BlcmZlY3Rfd2lraS9jMThmZTZmNy03MTRiLTQxMzItYmI1NC0zNTY0ODc3NWVkMGMvSmhLQW04VFpVUlJLSHhOZ0RUUmwvJUQwJUI4JUQwJUI3JUQwJUJFJUQwJUIxJUQxJTgwJUQwJUIwJUQwJUI2JUQwJUI1JUQwJUJEJUQwJUI4JUQwJUI1X2UzOWYyNWMyLWZmNDgtNGMyYy1iMjE3LTQ1Y2Q2ZTYyN2ExNS5wbmc.webp\" sizes=\"100vw\" srcset=\"https:\/\/img.perfectwiki.xyz\/insecure\/resize:fit:400\/aHR0cHM6Ly9zdG9yYWdlLmdvb2dsZWFwaXMuY29tL3BlcmZlY3Rfd2lraS9jMThmZTZmNy03MTRiLTQxMzItYmI1NC0zNTY0ODc3NWVkMGMvSmhLQW04VFpVUlJLSHhOZ0RUUmwvJUQwJUI4JUQwJUI3JUQwJUJFJUQwJUIxJUQxJTgwJUQwJUIwJUQwJUI2JUQwJUI1JUQwJUJEJUQwJUI4JUQwJUI1X2UzOWYyNWMyLWZmNDgtNGMyYy1iMjE3LTQ1Y2Q2ZTYyN2ExNS5wbmc.webp 400w, https:\/\/img.perfectwiki.xyz\/insecure\/resize:fit:800\/aHR0cHM6Ly9zdG9yYWdlLmdvb2dsZWFwaXMuY29tL3BlcmZlY3Rfd2lraS9jMThmZTZmNy03MTRiLTQxMzItYmI1NC0zNTY0ODc3NWVkMGMvSmhLQW04VFpVUlJLSHhOZ0RUUmwvJUQwJUI4JUQwJUI3JUQwJUJFJUQwJUIxJUQxJTgwJUQwJUIwJUQwJUI2JUQwJUI1JUQwJUJEJUQwJUI4JUQwJUI1X2UzOWYyNWMyLWZmNDgtNGMyYy1iMjE3LTQ1Y2Q2ZTYyN2ExNS5wbmc.webp 800w, https:\/\/img.perfectwiki.xyz\/insecure\/resize:fit:1200\/aHR0cHM6Ly9zdG9yYWdlLmdvb2dsZWFwaXMuY29tL3BlcmZlY3Rfd2lraS9jMThmZTZmNy03MTRiLTQxMzItYmI1NC0zNTY0ODc3NWVkMGMvSmhLQW04VFpVUlJLSHhOZ0RUUmwvJUQwJUI4JUQwJUI3JUQwJUJFJUQwJUIxJUQxJTgwJUQwJUIwJUQwJUI2JUQwJUI1JUQwJUJEJUQwJUI4JUQwJUI1X2UzOWYyNWMyLWZmNDgtNGMyYy1iMjE3LTQ1Y2Q2ZTYyN2ExNS5wbmc.webp 1200w, https:\/\/img.perfectwiki.xyz\/insecure\/aHR0cHM6Ly9zdG9yYWdlLmdvb2dsZWFwaXMuY29tL3BlcmZlY3Rfd2lraS9jMThmZTZmNy03MTRiLTQxMzItYmI1NC0zNTY0ODc3NWVkMGMvSmhLQW04VFpVUlJLSHhOZ0RUUmwvJUQwJUI4JUQwJUI3JUQwJUJFJUQwJUIxJUQxJTgwJUQwJUIwJUQwJUI2JUQwJUI1JUQwJUJEJUQwJUI4JUQwJUI1X2UzOWYyNWMyLWZmNDgtNGMyYy1iMjE3LTQ1Y2Q2ZTYyN2ExNS5wbmc.webp 1400w\" alt=\"produse \/ 3 POS\/Cashdesk\" width=\"331\" height=\"220\"><\/p><p><strong>Tranzac\u021bii rapide ca fulgerul<\/strong><br>F\u0103r\u0103 \u00eent\u00e2rziere. F\u0103r\u0103 a\u0219teptare. Lua\u021bi comenzi, \u00eemp\u0103r\u021bi\u021bi facturi \u0219i imprima\u021bi chitan\u021be \u00een c\u00e2teva secunde &#8211; chiar \u0219i la orele de v\u00e2rf.  <\/p><p><strong>Interfa\u021b\u0103 u\u0219or de utilizat<\/strong><br>Nu exist\u0103 o curb\u0103 de \u00eenv\u0103\u021bare abrupt\u0103. Personalul dvs. va fi \u00eenc\u00e2ntat de c\u00e2t de u\u0219or este de utilizat &#8211; din prima zi. <\/p><p><strong>Sincronizare \u00een timp real<\/strong><br>Comenzi de la chio\u0219curi, aplica\u021bii \u0219i web? Toate sunt sincronizate cu POS-ul dvs. \u00een timp real. F\u0103r\u0103 manipul\u0103ri duble, f\u0103r\u0103 gre\u0219eli.  <\/p><p><strong>Pl\u0103\u021bi sigure<\/strong><br>Accepta\u021bi carduri, pl\u0103\u021bi mobile, QR sau numerar &#8211; toate complet integrate cu furnizori de pl\u0103\u021bi de top.<\/p><p> <strong>Control complet \u0219i analiz\u0103<\/strong><br>Urm\u0103ri\u021bi v\u00e2nz\u0103rile, performan\u021ba personalului, cele mai aglomerate ore, cele mai bine v\u00e2ndute produse &#8211; toate \u00een tabloul dvs. de bord.<\/p><hr><h3 id=\"Key-Features-2\"><strong>Caracteristici principale<\/strong><\/h3><p><strong><img decoding=\"async\" class=\"alignleft\" style=\"font-weight: 400;\" src=\"https:\/\/img.perfectwiki.xyz\/insecure\/resize:fit:400\/aHR0cHM6Ly9zdG9yYWdlLmdvb2dsZWFwaXMuY29tL3BlcmZlY3Rfd2lraS9jMThmZTZmNy03MTRiLTQxMzItYmI1NC0zNTY0ODc3NWVkMGMvSmhLQW04VFpVUlJLSHhOZ0RUUmwvJUQwJUI4JUQwJUI3JUQwJUJFJUQwJUIxJUQxJTgwJUQwJUIwJUQwJUI2JUQwJUI1JUQwJUJEJUQwJUI4JUQwJUI1X2E2MDI4ZGFmLTkwY2MtNDZiOC1hNDkyLWYwMzA5YTcyNGJhZC5wbmc.webp\" sizes=\"100vw\" srcset=\"https:\/\/img.perfectwiki.xyz\/insecure\/resize:fit:400\/aHR0cHM6Ly9zdG9yYWdlLmdvb2dsZWFwaXMuY29tL3BlcmZlY3Rfd2lraS9jMThmZTZmNy03MTRiLTQxMzItYmI1NC0zNTY0ODc3NWVkMGMvSmhLQW04VFpVUlJLSHhOZ0RUUmwvJUQwJUI4JUQwJUI3JUQwJUJFJUQwJUIxJUQxJTgwJUQwJUIwJUQwJUI2JUQwJUI1JUQwJUJEJUQwJUI4JUQwJUI1X2E2MDI4ZGFmLTkwY2MtNDZiOC1hNDkyLWYwMzA5YTcyNGJhZC5wbmc.webp 400w, https:\/\/img.perfectwiki.xyz\/insecure\/resize:fit:800\/aHR0cHM6Ly9zdG9yYWdlLmdvb2dsZWFwaXMuY29tL3BlcmZlY3Rfd2lraS9jMThmZTZmNy03MTRiLTQxMzItYmI1NC0zNTY0ODc3NWVkMGMvSmhLQW04VFpVUlJLSHhOZ0RUUmwvJUQwJUI4JUQwJUI3JUQwJUJFJUQwJUIxJUQxJTgwJUQwJUIwJUQwJUI2JUQwJUI1JUQwJUJEJUQwJUI4JUQwJUI1X2E2MDI4ZGFmLTkwY2MtNDZiOC1hNDkyLWYwMzA5YTcyNGJhZC5wbmc.webp 800w, https:\/\/img.perfectwiki.xyz\/insecure\/resize:fit:1200\/aHR0cHM6Ly9zdG9yYWdlLmdvb2dsZWFwaXMuY29tL3BlcmZlY3Rfd2lraS9jMThmZTZmNy03MTRiLTQxMzItYmI1NC0zNTY0ODc3NWVkMGMvSmhLQW04VFpVUlJLSHhOZ0RUUmwvJUQwJUI4JUQwJUI3JUQwJUJFJUQwJUIxJUQxJTgwJUQwJUIwJUQwJUI2JUQwJUI1JUQwJUJEJUQwJUI4JUQwJUI1X2E2MDI4ZGFmLTkwY2MtNDZiOC1hNDkyLWYwMzA5YTcyNGJhZC5wbmc.webp 1200w, https:\/\/img.perfectwiki.xyz\/insecure\/aHR0cHM6Ly9zdG9yYWdlLmdvb2dsZWFwaXMuY29tL3BlcmZlY3Rfd2lraS9jMThmZTZmNy03MTRiLTQxMzItYmI1NC0zNTY0ODc3NWVkMGMvSmhLQW04VFpVUlJLSHhOZ0RUUmwvJUQwJUI4JUQwJUI3JUQwJUJFJUQwJUIxJUQxJTgwJUQwJUIwJUQwJUI2JUQwJUI1JUQwJUJEJUQwJUI4JUQwJUI1X2E2MDI4ZGFmLTkwY2MtNDZiOC1hNDkyLWYwMzA5YTcyNGJhZC5wbmc.webp 1400w\" alt=\"produse \/ 3 POS\/Cashdesk\" width=\"359\" height=\"239\">Op\u021biuni de dispozitive multiple<\/strong>: Utiliza\u021bi ca terminal sta\u021bionar sau ca tablet\u0103 portabil\u0103 &#8211; sau ambele.<\/p><p><strong>Gestionare u\u0219oar\u0103 a meniului<\/strong>: Modifica\u021bi articolele, pre\u021burile \u0219i promo\u021biile din mers.<\/p><p><strong>Permisiuni personalizate<\/strong>: Seta\u021bi niveluri de acces pentru personal. P\u0103stra\u021bi siguran\u021ba opera\u021biunilor. <\/p><p><strong>Modul offline<\/strong>: Continua\u021bi s\u0103 vinde\u021bi, chiar \u0219i atunci c\u00e2nd internetul este oprit.<\/p><p><strong>Ecrane de afi\u0219are pentru clien\u021bi<\/strong>: Afi\u0219a\u021bi \u00een timp real detaliile comenzii \u0219i sugestiile de upsell pentru clien\u021bi.<\/p><p><strong>Reduceri instantanee \u0219i integrare fidelizare<\/strong>: Aplica\u021bi direct codurile promo\u021bionale \u0219i programele de recompensare.<\/p><hr><h3 id=\"For-Every-Venue-Every-Style-2\"><strong>Pentru fiecare loca\u021bie, fiecare stil<\/strong><\/h3><p><strong>Pizzerii \u0219i fast-food<\/strong>: Vitez\u0103 \u0219i precizie \u00een timpul aglomera\u021biei.<br><strong>Cafenele \u0219i baruri de cafea<\/strong>: Acces rapid, v\u00e2nzare mai u\u0219oar\u0103.<br><strong>Restaurante cu servicii complete<\/strong>: Cartografierea meselor, bac\u0219i\u0219uri, gestionarea mai multor utilizatori.<\/p><hr><h3 id=\"What-You-Get-2\"><strong>Ce primi\u021bi<\/strong><\/h3><p>\u2714\ufe0f Timpi mai rapizi de checkout<br>\u2714\ufe0f Mai pu\u021bine erori ale personalului<br>\u2714\ufe0f Raportare mai bun\u0103<br>\u2714\ufe0f Clien\u021bi mai ferici\u021bi<br>\u2714\ufe0f Management centralizat pentru mai multe loca\u021bii<\/p><p>Stimula\u021bi-v\u0103 v\u00e2nz\u0103rile. Simplifica\u021bi-v\u0103 ziua de lucru. Cre\u0219te\u021bi cu \u00eencredere.  <\/p><hr><p><strong>Face\u021bi ca fiecare atingere s\u0103 conteze.<\/strong><br>\u00cembun\u0103t\u0103\u021bi\u021bi-v\u0103 experien\u021ba la casierie cu un sistem POS care lucreaz\u0103 la fel de mult ca dumneavoastr\u0103.<\/p>\t\t\t\t\t\t\t\t<\/div>\n\t\t\t\t<\/div>\n\t\t\t\t<div class=\"elementor-element elementor-element-59aa025f elementor-align-center elementor-mobile-align-center elementor-widget elementor-widget-button\" data-id=\"59aa025f\" data-element_type=\"widget\" data-e-type=\"widget\" data-widget_type=\"button.default\">\n\t\t\t\t<div class=\"elementor-widget-container\">\n\t\t\t\t\t\t\t\t\t<div class=\"elementor-button-wrapper\">\n\t\t\t\t\t<a class=\"elementor-button elementor-button-link elementor-size-sm\" href=\"https:\/\/rkeeper.us\/?page_id=256\">\n\t\t\t\t\t\t<span class=\"elementor-button-content-wrapper\">\n\t\t\t\t\t\t\t\t\t<span class=\"elementor-button-text\">Contacta\u021bi-ne<\/span>\n\t\t\t\t\t<\/span>\n\t\t\t\t\t<\/a>\n\t\t\t\t<\/div>\n\t\t\t\t\t\t\t\t<\/div>\n\t\t\t\t<\/div>\n\t\t\t\t\t<\/div>\n\t\t\t\t<\/div>\n\t\t\t\t<\/div>\n\t\t","protected":false},"excerpt":{"rendered":"<p>POS\/Cash Register POS &amp; Cashdesk: Puterea la \u00eendem\u00e2na dumneavoastr\u0103 Inteligent, intuitiv \u0219i creat pentru servicii aglomerate Indiferent dac\u0103 conduce\u021bi un QSR rapid, o cafenea confortabil\u0103 sau un restaurant cu mai multe loca\u021bii, solu\u021bia noastr\u0103 POS \u0219i Cashdesk este centrul dvs. de comand\u0103 pentru toate. Accelera\u021bi serviciul, reduce\u021bi erorile, gestiona\u021bi personalul \u0219i inventarul \u0219i v\u0103 \u00eenc\u00e2nta\u021bi [&hellip;]<\/p>\n","protected":false},"author":1,"featured_media":0,"parent":0,"menu_order":0,"comment_status":"closed","ping_status":"closed","template":"","meta":{"footnotes":""},"class_list":["post-2570","page","type-page","status-publish","hentry"],"_links":{"self":[{"href":"https:\/\/ucsrkeeper.ro\/index.php?rest_route=\/wp\/v2\/pages\/2570","targetHints":{"allow":["GET"]}}],"collection":[{"href":"https:\/\/ucsrkeeper.ro\/index.php?rest_route=\/wp\/v2\/pages"}],"about":[{"href":"https:\/\/ucsrkeeper.ro\/index.php?rest_route=\/wp\/v2\/types\/page"}],"author":[{"embeddable":true,"href":"https:\/\/ucsrkeeper.ro\/index.php?rest_route=\/wp\/v2\/users\/1"}],"replies":[{"embeddable":true,"href":"https:\/\/ucsrkeeper.ro\/index.php?rest_route=%2Fwp%2Fv2%2Fcomments&post=2570"}],"version-history":[{"count":5,"href":"https:\/\/ucsrkeeper.ro\/index.php?rest_route=\/wp\/v2\/pages\/2570\/revisions"}],"predecessor-version":[{"id":3717,"href":"https:\/\/ucsrkeeper.ro\/index.php?rest_route=\/wp\/v2\/pages\/2570\/revisions\/3717"}],"wp:attachment":[{"href":"https:\/\/ucsrkeeper.ro\/index.php?rest_route=%2Fwp%2Fv2%2Fmedia&parent=2570"}],"curies":[{"name":"wp","href":"https:\/\/api.w.org\/{rel}","templated":true}]}}