{"id":2590,"date":"2025-07-14T15:56:20","date_gmt":"2025-07-14T12:56:20","guid":{"rendered":"https:\/\/rkeeper.us\/?page_id=2590"},"modified":"2025-07-22T12:03:24","modified_gmt":"2025-07-22T09:03:24","slug":"vanzari-omnichannel","status":"publish","type":"page","link":"https:\/\/ucsrkeeper.ro\/?page_id=2590","title":{"rendered":"V\u00e2nz\u0103ri omnichannel"},"content":{"rendered":"\t\t<div data-elementor-type=\"wp-page\" data-elementor-id=\"2590\" class=\"elementor elementor-2590 elementor-2231\" data-elementor-post-type=\"page\">\n\t\t\t\t<div class=\"elementor-element elementor-element-6ea3bb29 e-flex e-con-boxed e-con e-parent\" data-id=\"6ea3bb29\" data-element_type=\"container\" data-e-type=\"container\">\n\t\t\t\t\t<div class=\"e-con-inner\">\n\t\t\t\t<div class=\"elementor-element elementor-element-bc47fca elementor-widget elementor-widget-heading\" data-id=\"bc47fca\" data-element_type=\"widget\" data-e-type=\"widget\" data-widget_type=\"heading.default\">\n\t\t\t\t<div class=\"elementor-widget-container\">\n\t\t\t\t\t<h3 class=\"elementor-heading-title elementor-size-default\">V\u00e2nz\u0103ri omnichannel<\/h3>\t\t\t\t<\/div>\n\t\t\t\t<\/div>\n\t\t\t\t<div class=\"elementor-element elementor-element-4e941143 elementor-widget elementor-widget-text-editor\" data-id=\"4e941143\" data-element_type=\"widget\" data-e-type=\"widget\" data-widget_type=\"text-editor.default\">\n\t\t\t\t<div class=\"elementor-widget-container\">\n\t\t\t\t\t\t\t\t\t<h2 id=\"Omnichannel-Sales:-Be-Everywhere-Your-Customers-Are-1\"><strong>V\u00e2nz\u0103ri omnichannel: Fii oriunde sunt clien\u021bii t\u0103i<\/strong><\/h2><h3 id=\"One-Menu.-All-Channels.-Unlimited-Growth.-2\">Un singur meniu. Toate canalele. Cre\u0219tere nelimitat\u0103.  <\/h3><p><img fetchpriority=\"high\" decoding=\"async\" class=\"alignright\" src=\"https:\/\/img.perfectwiki.xyz\/insecure\/resize:fit:400\/aHR0cHM6Ly9zdG9yYWdlLmdvb2dsZWFwaXMuY29tL3BlcmZlY3Rfd2lraS9jMThmZTZmNy03MTRiLTQxMzItYmI1NC0zNTY0ODc3NWVkMGMvZVQwemNKcWhZalJnNGtDZVZPcHYvJUQwJUI4JUQwJUI3JUQwJUJFJUQwJUIxJUQxJTgwJUQwJUIwJUQwJUI2JUQwJUI1JUQwJUJEJUQwJUI4JUQwJUI1X2QwMmFkYzNjLTdlMjYtNDkxYi1iMjJmLTVjMGFmMmJkMzEyYS5wbmc.webp\" sizes=\"100vw\" srcset=\"https:\/\/img.perfectwiki.xyz\/insecure\/resize:fit:400\/aHR0cHM6Ly9zdG9yYWdlLmdvb2dsZWFwaXMuY29tL3BlcmZlY3Rfd2lraS9jMThmZTZmNy03MTRiLTQxMzItYmI1NC0zNTY0ODc3NWVkMGMvZVQwemNKcWhZalJnNGtDZVZPcHYvJUQwJUI4JUQwJUI3JUQwJUJFJUQwJUIxJUQxJTgwJUQwJUIwJUQwJUI2JUQwJUI1JUQwJUJEJUQwJUI4JUQwJUI1X2QwMmFkYzNjLTdlMjYtNDkxYi1iMjJmLTVjMGFmMmJkMzEyYS5wbmc.webp 400w, https:\/\/img.perfectwiki.xyz\/insecure\/resize:fit:800\/aHR0cHM6Ly9zdG9yYWdlLmdvb2dsZWFwaXMuY29tL3BlcmZlY3Rfd2lraS9jMThmZTZmNy03MTRiLTQxMzItYmI1NC0zNTY0ODc3NWVkMGMvZVQwemNKcWhZalJnNGtDZVZPcHYvJUQwJUI4JUQwJUI3JUQwJUJFJUQwJUIxJUQxJTgwJUQwJUIwJUQwJUI2JUQwJUI1JUQwJUJEJUQwJUI4JUQwJUI1X2QwMmFkYzNjLTdlMjYtNDkxYi1iMjJmLTVjMGFmMmJkMzEyYS5wbmc.webp 800w, https:\/\/img.perfectwiki.xyz\/insecure\/resize:fit:1200\/aHR0cHM6Ly9zdG9yYWdlLmdvb2dsZWFwaXMuY29tL3BlcmZlY3Rfd2lraS9jMThmZTZmNy03MTRiLTQxMzItYmI1NC0zNTY0ODc3NWVkMGMvZVQwemNKcWhZalJnNGtDZVZPcHYvJUQwJUI4JUQwJUI3JUQwJUJFJUQwJUIxJUQxJTgwJUQwJUIwJUQwJUI2JUQwJUI1JUQwJUJEJUQwJUI4JUQwJUI1X2QwMmFkYzNjLTdlMjYtNDkxYi1iMjJmLTVjMGFmMmJkMzEyYS5wbmc.webp 1200w, https:\/\/img.perfectwiki.xyz\/insecure\/aHR0cHM6Ly9zdG9yYWdlLmdvb2dsZWFwaXMuY29tL3BlcmZlY3Rfd2lraS9jMThmZTZmNy03MTRiLTQxMzItYmI1NC0zNTY0ODc3NWVkMGMvZVQwemNKcWhZalJnNGtDZVZPcHYvJUQwJUI4JUQwJUI3JUQwJUJFJUQwJUIxJUQxJTgwJUQwJUIwJUQwJUI2JUQwJUI1JUQwJUJEJUQwJUI4JUQwJUI1X2QwMmFkYzNjLTdlMjYtNDkxYi1iMjJmLTVjMGFmMmJkMzEyYS5wbmc.webp 1400w\" alt=\"solu\u021bii \/ 5 V\u00e2nz\u0103ri omnichannel\" width=\"364\" height=\"242\"><\/p><p>Ast\u0103zi, clien\u021bii comand\u0103 din aplica\u021bii, site-uri web, chio\u0219curi \u0219i chiar de la ghi\u0219eu. De ce s\u0103 alege\u021bi unul, c\u00e2nd le pute\u021bi avea pe toate?<br><strong>Solu\u021bia<\/strong> noastr\u0103 <strong>de v\u00e2nz\u0103ri pe toate canalele<\/strong> conecteaz\u0103 fiecare punct de contact cu v\u00e2nz\u0103rile \u00eentr-un singur sistem perfect &#8211; astfel \u00eenc\u00e2t nicio comand\u0103 nu se pierde \u0219i fiecare client este servit. <\/p><p>Online. In-house. \u00cen deplasare. Toate \u00een sincronizare.   <\/p><h3 id=\"What-You-Get-2\"><strong>Ce primi\u021bi<\/strong><\/h3><p><img decoding=\"async\" class=\"alignleft\" src=\"https:\/\/img.perfectwiki.xyz\/insecure\/resize:fit:400\/aHR0cHM6Ly9zdG9yYWdlLmdvb2dsZWFwaXMuY29tL3BlcmZlY3Rfd2lraS9jMThmZTZmNy03MTRiLTQxMzItYmI1NC0zNTY0ODc3NWVkMGMvZVQwemNKcWhZalJnNGtDZVZPcHYvJUQwJUI4JUQwJUI3JUQwJUJFJUQwJUIxJUQxJTgwJUQwJUIwJUQwJUI2JUQwJUI1JUQwJUJEJUQwJUI4JUQwJUI1X2FhYTYwZDUxLWM1YjItNDY0Mi1iNmNmLWYyMTMxYmZiMjQ1MC5wbmc.webp\" sizes=\"100vw\" srcset=\"https:\/\/img.perfectwiki.xyz\/insecure\/resize:fit:400\/aHR0cHM6Ly9zdG9yYWdlLmdvb2dsZWFwaXMuY29tL3BlcmZlY3Rfd2lraS9jMThmZTZmNy03MTRiLTQxMzItYmI1NC0zNTY0ODc3NWVkMGMvZVQwemNKcWhZalJnNGtDZVZPcHYvJUQwJUI4JUQwJUI3JUQwJUJFJUQwJUIxJUQxJTgwJUQwJUIwJUQwJUI2JUQwJUI1JUQwJUJEJUQwJUI4JUQwJUI1X2FhYTYwZDUxLWM1YjItNDY0Mi1iNmNmLWYyMTMxYmZiMjQ1MC5wbmc.webp 400w, https:\/\/img.perfectwiki.xyz\/insecure\/resize:fit:800\/aHR0cHM6Ly9zdG9yYWdlLmdvb2dsZWFwaXMuY29tL3BlcmZlY3Rfd2lraS9jMThmZTZmNy03MTRiLTQxMzItYmI1NC0zNTY0ODc3NWVkMGMvZVQwemNKcWhZalJnNGtDZVZPcHYvJUQwJUI4JUQwJUI3JUQwJUJFJUQwJUIxJUQxJTgwJUQwJUIwJUQwJUI2JUQwJUI1JUQwJUJEJUQwJUI4JUQwJUI1X2FhYTYwZDUxLWM1YjItNDY0Mi1iNmNmLWYyMTMxYmZiMjQ1MC5wbmc.webp 800w, https:\/\/img.perfectwiki.xyz\/insecure\/resize:fit:1200\/aHR0cHM6Ly9zdG9yYWdlLmdvb2dsZWFwaXMuY29tL3BlcmZlY3Rfd2lraS9jMThmZTZmNy03MTRiLTQxMzItYmI1NC0zNTY0ODc3NWVkMGMvZVQwemNKcWhZalJnNGtDZVZPcHYvJUQwJUI4JUQwJUI3JUQwJUJFJUQwJUIxJUQxJTgwJUQwJUIwJUQwJUI2JUQwJUI1JUQwJUJEJUQwJUI4JUQwJUI1X2FhYTYwZDUxLWM1YjItNDY0Mi1iNmNmLWYyMTMxYmZiMjQ1MC5wbmc.webp 1200w, https:\/\/img.perfectwiki.xyz\/insecure\/aHR0cHM6Ly9zdG9yYWdlLmdvb2dsZWFwaXMuY29tL3BlcmZlY3Rfd2lraS9jMThmZTZmNy03MTRiLTQxMzItYmI1NC0zNTY0ODc3NWVkMGMvZVQwemNKcWhZalJnNGtDZVZPcHYvJUQwJUI4JUQwJUI3JUQwJUJFJUQwJUIxJUQxJTgwJUQwJUIwJUQwJUI2JUQwJUI1JUQwJUJEJUQwJUI4JUQwJUI1X2FhYTYwZDUxLWM1YjItNDY0Mi1iNmNmLWYyMTMxYmZiMjQ1MC5wbmc.webp 1400w\" alt=\"solu\u021bii \/ 5 V\u00e2nz\u0103ri omnichannel\" width=\"242\" height=\"366\"><\/p><p><strong>Comenzi unificate pe toate canalele<\/strong><br>Nu mai trebuie s\u0103 jongla\u021bi cu tablete \u0219i aplica\u021bii. Comenzile de pe web, mobil, chio\u0219c sau POS ajung direct \u00eentr-un singur sistem &#8211; instantaneu. <\/p><p><strong>Experien\u021b\u0103 modern\u0103, preg\u0103tit\u0103 pentru mobil<\/strong><br>Meniul t\u0103u, stilul t\u0103u &#8211; disponibil pe orice dispozitiv. L\u0103sa\u021bi clien\u021bii s\u0103 comande cum prefer\u0103. <\/p><p><strong>Inventar \u00een timp real \u0219i sincronizare meniu<\/strong><br>Schimba\u021bi o dat\u0103 un pre\u021b sau un articol, iar acesta se actualizeaz\u0103 peste tot: POS, site web, aplica\u021bii de livrare \u0219i chio\u0219curi.<\/p><p><strong>Raportare centralizat\u0103<\/strong><br>Urm\u0103ri\u021bi v\u00e2nz\u0103rile totale, produsele de top \u0219i comportamentul clien\u021bilor pe toate platformele &#8211; \u00eentr-un singur tablou de bord.<\/p><p><strong>Gata pentru livrare \u0219i preluare<\/strong><br>Conecta\u021bi-v\u0103 direct la Click &amp; Collect, parteneri de livrare sau curieri interni pentru o bucl\u0103 complet\u0103 de v\u00e2nz\u0103ri.<\/p><h3 id=\"Why-It-Matters-2\"><strong>De ce este important<\/strong><\/h3><p><strong>Maximiza\u021bi veniturile<\/strong> &#8211; Ob\u021bine\u021bi v\u00e2nz\u0103ri de pe fiecare platform\u0103, 24\/7.<\/p><p><strong>Economisi\u021bi timp<\/strong> &#8211; Gata cu introducerea dubl\u0103 a datelor. Actualiz\u0103rile sunt automate \u0219i instantanee. <\/p><p><strong>Reducerea erorilor<\/strong> &#8211; Comenzi unificate = f\u0103r\u0103 confuzii, f\u0103r\u0103 articole ratate.<\/p><p><strong>Cre\u0219terea loialit\u0103\u021bii<\/strong> &#8211; Experien\u021bele pl\u0103cute \u00een toate punctele de contact stimuleaz\u0103 vizitele repetate.<\/p><h3 id=\"Channels-You-Can-Connect-2\"><strong>Canale la care v\u0103 pute\u021bi conecta<\/strong><\/h3><p><img decoding=\"async\" class=\"alignright\" style=\"margin: 8px 8px 0px;\" src=\"https:\/\/img.perfectwiki.xyz\/insecure\/resize:fit:400\/aHR0cHM6Ly9zdG9yYWdlLmdvb2dsZWFwaXMuY29tL3BlcmZlY3Rfd2lraS9jMThmZTZmNy03MTRiLTQxMzItYmI1NC0zNTY0ODc3NWVkMGMvZVQwemNKcWhZalJnNGtDZVZPcHYvJUQwJUI4JUQwJUI3JUQwJUJFJUQwJUIxJUQxJTgwJUQwJUIwJUQwJUI2JUQwJUI1JUQwJUJEJUQwJUI4JUQwJUI1X2QxY2QyYjAxLTc0ZWYtNDJmYi04Yzk5LTY1M2RhYWMwZDExOS5wbmc.webp\" sizes=\"100vw\" srcset=\"https:\/\/img.perfectwiki.xyz\/insecure\/resize:fit:400\/aHR0cHM6Ly9zdG9yYWdlLmdvb2dsZWFwaXMuY29tL3BlcmZlY3Rfd2lraS9jMThmZTZmNy03MTRiLTQxMzItYmI1NC0zNTY0ODc3NWVkMGMvZVQwemNKcWhZalJnNGtDZVZPcHYvJUQwJUI4JUQwJUI3JUQwJUJFJUQwJUIxJUQxJTgwJUQwJUIwJUQwJUI2JUQwJUI1JUQwJUJEJUQwJUI4JUQwJUI1X2QxY2QyYjAxLTc0ZWYtNDJmYi04Yzk5LTY1M2RhYWMwZDExOS5wbmc.webp 400w, https:\/\/img.perfectwiki.xyz\/insecure\/resize:fit:800\/aHR0cHM6Ly9zdG9yYWdlLmdvb2dsZWFwaXMuY29tL3BlcmZlY3Rfd2lraS9jMThmZTZmNy03MTRiLTQxMzItYmI1NC0zNTY0ODc3NWVkMGMvZVQwemNKcWhZalJnNGtDZVZPcHYvJUQwJUI4JUQwJUI3JUQwJUJFJUQwJUIxJUQxJTgwJUQwJUIwJUQwJUI2JUQwJUI1JUQwJUJEJUQwJUI4JUQwJUI1X2QxY2QyYjAxLTc0ZWYtNDJmYi04Yzk5LTY1M2RhYWMwZDExOS5wbmc.webp 800w, https:\/\/img.perfectwiki.xyz\/insecure\/resize:fit:1200\/aHR0cHM6Ly9zdG9yYWdlLmdvb2dsZWFwaXMuY29tL3BlcmZlY3Rfd2lraS9jMThmZTZmNy03MTRiLTQxMzItYmI1NC0zNTY0ODc3NWVkMGMvZVQwemNKcWhZalJnNGtDZVZPcHYvJUQwJUI4JUQwJUI3JUQwJUJFJUQwJUIxJUQxJTgwJUQwJUIwJUQwJUI2JUQwJUI1JUQwJUJEJUQwJUI4JUQwJUI1X2QxY2QyYjAxLTc0ZWYtNDJmYi04Yzk5LTY1M2RhYWMwZDExOS5wbmc.webp 1200w, https:\/\/img.perfectwiki.xyz\/insecure\/aHR0cHM6Ly9zdG9yYWdlLmdvb2dsZWFwaXMuY29tL3BlcmZlY3Rfd2lraS9jMThmZTZmNy03MTRiLTQxMzItYmI1NC0zNTY0ODc3NWVkMGMvZVQwemNKcWhZalJnNGtDZVZPcHYvJUQwJUI4JUQwJUI3JUQwJUJFJUQwJUIxJUQxJTgwJUQwJUIwJUQwJUI2JUQwJUI1JUQwJUJEJUQwJUI4JUQwJUI1X2QxY2QyYjAxLTc0ZWYtNDJmYi04Yzk5LTY1M2RhYWMwZDExOS5wbmc.webp 1400w\" alt=\"solu\u021bii \/ 5 V\u00e2nz\u0103ri omnichannel\" width=\"234\" height=\"316\"><\/p><p>\u2705 POS \u0219i casierie<br>\u2705 Chio\u0219c<br>\u2705 Aplica\u021bie mobil\u0103 nativ\u0103<br>\u2705 Site web de marc\u0103<br>\u2705 Platforme de livrare (Wolt, Bolt, Glovo etc.)<br>\u2705 Click &amp; Collect<br>\u2705 Comand\u0103 pe mas\u0103 QR<\/p><h2 id=\"Omnichannel-Omnipresence-1\"><strong>Omnichannel = Omniprezen\u021b\u0103<\/strong><\/h2><p>Clien\u021bii dvs. tr\u0103iesc pe mai multe canale.<br>Acum, \u0219i afacerea dvs. poate face acest lucru &#8211; f\u0103r\u0103 haos.<\/p><p>R\u0103m\u00e2ne\u021bi conectat. R\u0103m\u00e2ne\u021bi scalabil. R\u0103m\u00e2ne\u021bi \u00een control.  <\/p>\t\t\t\t\t\t\t\t<\/div>\n\t\t\t\t<\/div>\n\t\t\t\t<div class=\"elementor-element elementor-element-2c75ffcf elementor-align-center elementor-mobile-align-center elementor-widget elementor-widget-button\" data-id=\"2c75ffcf\" data-element_type=\"widget\" data-e-type=\"widget\" data-widget_type=\"button.default\">\n\t\t\t\t<div class=\"elementor-widget-container\">\n\t\t\t\t\t\t\t\t\t<div class=\"elementor-button-wrapper\">\n\t\t\t\t\t<a class=\"elementor-button elementor-button-link elementor-size-sm\" href=\"https:\/\/rkeeper.us\/?page_id=256\">\n\t\t\t\t\t\t<span class=\"elementor-button-content-wrapper\">\n\t\t\t\t\t\t\t\t\t<span class=\"elementor-button-text\">Contacta\u021bi-ne<\/span>\n\t\t\t\t\t<\/span>\n\t\t\t\t\t<\/a>\n\t\t\t\t<\/div>\n\t\t\t\t\t\t\t\t<\/div>\n\t\t\t\t<\/div>\n\t\t\t\t\t<\/div>\n\t\t\t\t<\/div>\n\t\t\t\t<\/div>\n\t\t","protected":false},"excerpt":{"rendered":"<p>V\u00e2nz\u0103ri omnichannel V\u00e2nz\u0103ri omnichannel: Fii oriunde sunt clien\u021bii t\u0103i Un singur meniu. Toate canalele. Cre\u0219tere nelimitat\u0103. Ast\u0103zi, clien\u021bii comand\u0103 din aplica\u021bii, site-uri web, chio\u0219curi \u0219i chiar de la ghi\u0219eu. De ce s\u0103 alege\u021bi unul, c\u00e2nd le pute\u021bi avea pe toate?Solu\u021bia noastr\u0103 de v\u00e2nz\u0103ri pe toate canalele conecteaz\u0103 fiecare punct de contact cu v\u00e2nz\u0103rile \u00eentr-un singur [&hellip;]<\/p>\n","protected":false},"author":1,"featured_media":0,"parent":0,"menu_order":0,"comment_status":"closed","ping_status":"closed","template":"","meta":{"footnotes":""},"class_list":["post-2590","page","type-page","status-publish","hentry"],"_links":{"self":[{"href":"https:\/\/ucsrkeeper.ro\/index.php?rest_route=\/wp\/v2\/pages\/2590","targetHints":{"allow":["GET"]}}],"collection":[{"href":"https:\/\/ucsrkeeper.ro\/index.php?rest_route=\/wp\/v2\/pages"}],"about":[{"href":"https:\/\/ucsrkeeper.ro\/index.php?rest_route=\/wp\/v2\/types\/page"}],"author":[{"embeddable":true,"href":"https:\/\/ucsrkeeper.ro\/index.php?rest_route=\/wp\/v2\/users\/1"}],"replies":[{"embeddable":true,"href":"https:\/\/ucsrkeeper.ro\/index.php?rest_route=%2Fwp%2Fv2%2Fcomments&post=2590"}],"version-history":[{"count":2,"href":"https:\/\/ucsrkeeper.ro\/index.php?rest_route=\/wp\/v2\/pages\/2590\/revisions"}],"predecessor-version":[{"id":3663,"href":"https:\/\/ucsrkeeper.ro\/index.php?rest_route=\/wp\/v2\/pages\/2590\/revisions\/3663"}],"wp:attachment":[{"href":"https:\/\/ucsrkeeper.ro\/index.php?rest_route=%2Fwp%2Fv2%2Fmedia&parent=2590"}],"curies":[{"name":"wp","href":"https:\/\/api.w.org\/{rel}","templated":true}]}}