{"id":2603,"date":"2025-07-14T16:00:09","date_gmt":"2025-07-14T13:00:09","guid":{"rendered":"https:\/\/rkeeper.us\/?page_id=2603"},"modified":"2025-07-22T11:55:48","modified_gmt":"2025-07-22T08:55:48","slug":"integrari-de-livrare","status":"publish","type":"page","link":"https:\/\/ucsrkeeper.ro\/?page_id=2603","title":{"rendered":"Integr\u0103ri de livrare"},"content":{"rendered":"\t\t<div data-elementor-type=\"wp-page\" data-elementor-id=\"2603\" class=\"elementor elementor-2603 elementor-2241\" data-elementor-post-type=\"page\">\n\t\t\t\t<div class=\"elementor-element elementor-element-5149bce6 e-flex e-con-boxed e-con e-parent\" data-id=\"5149bce6\" data-element_type=\"container\" data-e-type=\"container\">\n\t\t\t\t\t<div class=\"e-con-inner\">\n\t\t\t\t<div class=\"elementor-element elementor-element-1d049450 elementor-widget elementor-widget-heading\" data-id=\"1d049450\" data-element_type=\"widget\" data-e-type=\"widget\" data-widget_type=\"heading.default\">\n\t\t\t\t<div class=\"elementor-widget-container\">\n\t\t\t\t\t<h3 class=\"elementor-heading-title elementor-size-default\">Integr\u0103ri de livrare<\/h3>\t\t\t\t<\/div>\n\t\t\t\t<\/div>\n\t\t\t\t<div class=\"elementor-element elementor-element-670cb37d elementor-widget elementor-widget-text-editor\" data-id=\"670cb37d\" data-element_type=\"widget\" data-e-type=\"widget\" data-widget_type=\"text-editor.default\">\n\t\t\t\t<div class=\"elementor-widget-container\">\n\t\t\t\t\t\t\t\t\t<h3 id=\"Connect-with-the-World's-Top-Delivery-Platforms-All-in-One-Place-2\">Conecta\u021bi-v\u0103 cu cele mai importante platforme de livrare din lume &#8211; toate \u00eentr-un singur loc<\/h3><p>De ce s\u0103 gestiona\u021bi cinci tablete c\u00e2nd pute\u021bi gestiona un singur sistem?<br><strong>Integr\u0103rile<\/strong> noastre <strong>de livrare<\/strong> aduc toate aplica\u021biile majore de livrare \u00eentr-o singur\u0103 interfa\u021b\u0103, f\u0103r\u0103 \u00eentreruperi. Comenzile ajung direct pe ecranul POS-ului sau al buc\u0103t\u0103riei dvs. &#8211; f\u0103r\u0103 intr\u0103ri duble, f\u0103r\u0103 \u00eent\u00e2rzieri, f\u0103r\u0103 stres. <\/p><p>Glovo. Wolt. Uber Eats. Bolt Food. Foodpanda. Just Eat. Zomato. Deliveroo. Ce mai dori\u021bi? \ud83d\ude42<br>Toate complet integrate. Toate sub control. <\/p><h3 id=\"Why-Delivery-Integration-2\"><strong>De ce integrarea livr\u0103rilor?<\/strong><\/h3><p><img fetchpriority=\"high\" decoding=\"async\" class=\"alignright\" src=\"https:\/\/img.perfectwiki.xyz\/insecure\/resize:fit:400\/aHR0cHM6Ly9zdG9yYWdlLmdvb2dsZWFwaXMuY29tL3BlcmZlY3Rfd2lraS9jMThmZTZmNy03MTRiLTQxMzItYmI1NC0zNTY0ODc3NWVkMGMvd2Ywbms2SEgxS1M5NnJJZVU1bkcvJUQwJUI4JUQwJUI3JUQwJUJFJUQwJUIxJUQxJTgwJUQwJUIwJUQwJUI2JUQwJUI1JUQwJUJEJUQwJUI4JUQwJUI1XzIwOTIxZjFlLTg3MjItNDhiNC1iZWMwLTIyOGJjN2QwZDE5MS5wbmc.webp\" sizes=\"100vw\" srcset=\"https:\/\/img.perfectwiki.xyz\/insecure\/resize:fit:400\/aHR0cHM6Ly9zdG9yYWdlLmdvb2dsZWFwaXMuY29tL3BlcmZlY3Rfd2lraS9jMThmZTZmNy03MTRiLTQxMzItYmI1NC0zNTY0ODc3NWVkMGMvd2Ywbms2SEgxS1M5NnJJZVU1bkcvJUQwJUI4JUQwJUI3JUQwJUJFJUQwJUIxJUQxJTgwJUQwJUIwJUQwJUI2JUQwJUI1JUQwJUJEJUQwJUI4JUQwJUI1XzIwOTIxZjFlLTg3MjItNDhiNC1iZWMwLTIyOGJjN2QwZDE5MS5wbmc.webp 400w, https:\/\/img.perfectwiki.xyz\/insecure\/resize:fit:800\/aHR0cHM6Ly9zdG9yYWdlLmdvb2dsZWFwaXMuY29tL3BlcmZlY3Rfd2lraS9jMThmZTZmNy03MTRiLTQxMzItYmI1NC0zNTY0ODc3NWVkMGMvd2Ywbms2SEgxS1M5NnJJZVU1bkcvJUQwJUI4JUQwJUI3JUQwJUJFJUQwJUIxJUQxJTgwJUQwJUIwJUQwJUI2JUQwJUI1JUQwJUJEJUQwJUI4JUQwJUI1XzIwOTIxZjFlLTg3MjItNDhiNC1iZWMwLTIyOGJjN2QwZDE5MS5wbmc.webp 800w, https:\/\/img.perfectwiki.xyz\/insecure\/resize:fit:1200\/aHR0cHM6Ly9zdG9yYWdlLmdvb2dsZWFwaXMuY29tL3BlcmZlY3Rfd2lraS9jMThmZTZmNy03MTRiLTQxMzItYmI1NC0zNTY0ODc3NWVkMGMvd2Ywbms2SEgxS1M5NnJJZVU1bkcvJUQwJUI4JUQwJUI3JUQwJUJFJUQwJUIxJUQxJTgwJUQwJUIwJUQwJUI2JUQwJUI1JUQwJUJEJUQwJUI4JUQwJUI1XzIwOTIxZjFlLTg3MjItNDhiNC1iZWMwLTIyOGJjN2QwZDE5MS5wbmc.webp 1200w, https:\/\/img.perfectwiki.xyz\/insecure\/aHR0cHM6Ly9zdG9yYWdlLmdvb2dsZWFwaXMuY29tL3BlcmZlY3Rfd2lraS9jMThmZTZmNy03MTRiLTQxMzItYmI1NC0zNTY0ODc3NWVkMGMvd2Ywbms2SEgxS1M5NnJJZVU1bkcvJUQwJUI4JUQwJUI3JUQwJUJFJUQwJUIxJUQxJTgwJUQwJUIwJUQwJUI2JUQwJUI1JUQwJUJEJUQwJUI4JUQwJUI1XzIwOTIxZjFlLTg3MjItNDhiNC1iZWMwLTIyOGJjN2QwZDE5MS5wbmc.webp 1400w\" alt=\"solu\u021bii \/ 7 Integr\u0103ri de livrare\" width=\"229\" height=\"230\"><\/p><p><strong>Gestionarea centralizat\u0103 a comenzilor<\/strong><br>Ob\u021bine\u021bi toate comenzile de livrare \u00eentr-un singur loc &#8211; direct \u00een POS sau \u00een afi\u0219ajul din buc\u0103t\u0103rie.<\/p><p><strong>F\u0103r\u0103 introducere manual\u0103<\/strong><br>Nu mai este nevoie ca personalul s\u0103 tasteze comenzi de pe mai multe tablete. Totul curge automat. <\/p><p><strong>Mai pu\u021bine erori<\/strong><br>Introducerea automat\u0103 a datelor = mai pu\u021bine gre\u0219eli = clien\u021bi mai mul\u021bumi\u021bi.<\/p><p><strong>Sincronizare meniu \u00een timp real<\/strong><br>Schimba\u021bi elementele sau pre\u021burile o singur\u0103 dat\u0103 &#8211; actualiz\u0103rile sunt live pe toate platformele.<\/p><p><strong>Cre\u0219te\u021bi v\u00e2nz\u0103rile f\u0103r\u0103 haos<\/strong><br>Conecta\u021bi-v\u0103 cu noi clien\u021bi, procesa\u021bi mai multe comenzi \u0219i p\u0103stra\u021bi controlul complet.<\/p><p><img decoding=\"async\" class=\"alignright\" style=\"margin: 8px 8px 0px;\" src=\"https:\/\/img.perfectwiki.xyz\/insecure\/resize:fit:400\/aHR0cHM6Ly9zdG9yYWdlLmdvb2dsZWFwaXMuY29tL3BlcmZlY3Rfd2lraS9jMThmZTZmNy03MTRiLTQxMzItYmI1NC0zNTY0ODc3NWVkMGMvd2Ywbms2SEgxS1M5NnJJZVU1bkcvJUQwJUI4JUQwJUI3JUQwJUJFJUQwJUIxJUQxJTgwJUQwJUIwJUQwJUI2JUQwJUI1JUQwJUJEJUQwJUI4JUQwJUI1X2E1ZmI3OWUyLThkMDMtNDg2Ny04MzM3LTcwMzQ0ZDNjNTg3NS5wbmc.webp\" sizes=\"100vw\" srcset=\"https:\/\/img.perfectwiki.xyz\/insecure\/resize:fit:400\/aHR0cHM6Ly9zdG9yYWdlLmdvb2dsZWFwaXMuY29tL3BlcmZlY3Rfd2lraS9jMThmZTZmNy03MTRiLTQxMzItYmI1NC0zNTY0ODc3NWVkMGMvd2Ywbms2SEgxS1M5NnJJZVU1bkcvJUQwJUI4JUQwJUI3JUQwJUJFJUQwJUIxJUQxJTgwJUQwJUIwJUQwJUI2JUQwJUI1JUQwJUJEJUQwJUI4JUQwJUI1X2E1ZmI3OWUyLThkMDMtNDg2Ny04MzM3LTcwMzQ0ZDNjNTg3NS5wbmc.webp 400w, https:\/\/img.perfectwiki.xyz\/insecure\/resize:fit:800\/aHR0cHM6Ly9zdG9yYWdlLmdvb2dsZWFwaXMuY29tL3BlcmZlY3Rfd2lraS9jMThmZTZmNy03MTRiLTQxMzItYmI1NC0zNTY0ODc3NWVkMGMvd2Ywbms2SEgxS1M5NnJJZVU1bkcvJUQwJUI4JUQwJUI3JUQwJUJFJUQwJUIxJUQxJTgwJUQwJUIwJUQwJUI2JUQwJUI1JUQwJUJEJUQwJUI4JUQwJUI1X2E1ZmI3OWUyLThkMDMtNDg2Ny04MzM3LTcwMzQ0ZDNjNTg3NS5wbmc.webp 800w, https:\/\/img.perfectwiki.xyz\/insecure\/resize:fit:1200\/aHR0cHM6Ly9zdG9yYWdlLmdvb2dsZWFwaXMuY29tL3BlcmZlY3Rfd2lraS9jMThmZTZmNy03MTRiLTQxMzItYmI1NC0zNTY0ODc3NWVkMGMvd2Ywbms2SEgxS1M5NnJJZVU1bkcvJUQwJUI4JUQwJUI3JUQwJUJFJUQwJUIxJUQxJTgwJUQwJUIwJUQwJUI2JUQwJUI1JUQwJUJEJUQwJUI4JUQwJUI1X2E1ZmI3OWUyLThkMDMtNDg2Ny04MzM3LTcwMzQ0ZDNjNTg3NS5wbmc.webp 1200w, https:\/\/img.perfectwiki.xyz\/insecure\/aHR0cHM6Ly9zdG9yYWdlLmdvb2dsZWFwaXMuY29tL3BlcmZlY3Rfd2lraS9jMThmZTZmNy03MTRiLTQxMzItYmI1NC0zNTY0ODc3NWVkMGMvd2Ywbms2SEgxS1M5NnJJZVU1bkcvJUQwJUI4JUQwJUI3JUQwJUJFJUQwJUIxJUQxJTgwJUQwJUIwJUQwJUI2JUQwJUI1JUQwJUJEJUQwJUI4JUQwJUI1X2E1ZmI3OWUyLThkMDMtNDg2Ny04MzM3LTcwMzQ0ZDNjNTg3NS5wbmc.webp 1400w\" alt=\"solu\u021bii \/ 7 Integr\u0103ri de livrare\" width=\"236\" height=\"237\"><\/p><h3 id=\"Supported-Platforms-2\"><strong>Platforme acceptate<\/strong><\/h3><p>\u2705 Wolt<br>\u2705 Uber Eats<br>\u2705 Glovo<br>\u2705 Bolt Food<br>\u2705 Foodpanda<br>\u2705 Deliveroo<br>\u2705 Just Eat<br>\u2705 Zomato<br>&#8230;and more<\/p><h3 id=\"What-You-Get-2\"><strong>Ce primi\u021bi<\/strong><\/h3><p><img decoding=\"async\" class=\"alignright\" src=\"https:\/\/img.perfectwiki.xyz\/insecure\/resize:fit:400\/aHR0cHM6Ly9zdG9yYWdlLmdvb2dsZWFwaXMuY29tL3BlcmZlY3Rfd2lraS9jMThmZTZmNy03MTRiLTQxMzItYmI1NC0zNTY0ODc3NWVkMGMvd2Ywbms2SEgxS1M5NnJJZVU1bkcvJUQwJUI4JUQwJUI3JUQwJUJFJUQwJUIxJUQxJTgwJUQwJUIwJUQwJUI2JUQwJUI1JUQwJUJEJUQwJUI4JUQwJUI1XzkxZTM2ZTY0LTgwNDQtNGQ1Yy1hNzI1LWM0OTJhYzRhZjdlNS5wbmc.webp\" sizes=\"100vw\" srcset=\"https:\/\/img.perfectwiki.xyz\/insecure\/resize:fit:400\/aHR0cHM6Ly9zdG9yYWdlLmdvb2dsZWFwaXMuY29tL3BlcmZlY3Rfd2lraS9jMThmZTZmNy03MTRiLTQxMzItYmI1NC0zNTY0ODc3NWVkMGMvd2Ywbms2SEgxS1M5NnJJZVU1bkcvJUQwJUI4JUQwJUI3JUQwJUJFJUQwJUIxJUQxJTgwJUQwJUIwJUQwJUI2JUQwJUI1JUQwJUJEJUQwJUI4JUQwJUI1XzkxZTM2ZTY0LTgwNDQtNGQ1Yy1hNzI1LWM0OTJhYzRhZjdlNS5wbmc.webp 400w, https:\/\/img.perfectwiki.xyz\/insecure\/resize:fit:800\/aHR0cHM6Ly9zdG9yYWdlLmdvb2dsZWFwaXMuY29tL3BlcmZlY3Rfd2lraS9jMThmZTZmNy03MTRiLTQxMzItYmI1NC0zNTY0ODc3NWVkMGMvd2Ywbms2SEgxS1M5NnJJZVU1bkcvJUQwJUI4JUQwJUI3JUQwJUJFJUQwJUIxJUQxJTgwJUQwJUIwJUQwJUI2JUQwJUI1JUQwJUJEJUQwJUI4JUQwJUI1XzkxZTM2ZTY0LTgwNDQtNGQ1Yy1hNzI1LWM0OTJhYzRhZjdlNS5wbmc.webp 800w, https:\/\/img.perfectwiki.xyz\/insecure\/resize:fit:1200\/aHR0cHM6Ly9zdG9yYWdlLmdvb2dsZWFwaXMuY29tL3BlcmZlY3Rfd2lraS9jMThmZTZmNy03MTRiLTQxMzItYmI1NC0zNTY0ODc3NWVkMGMvd2Ywbms2SEgxS1M5NnJJZVU1bkcvJUQwJUI4JUQwJUI3JUQwJUJFJUQwJUIxJUQxJTgwJUQwJUIwJUQwJUI2JUQwJUI1JUQwJUJEJUQwJUI4JUQwJUI1XzkxZTM2ZTY0LTgwNDQtNGQ1Yy1hNzI1LWM0OTJhYzRhZjdlNS5wbmc.webp 1200w, https:\/\/img.perfectwiki.xyz\/insecure\/aHR0cHM6Ly9zdG9yYWdlLmdvb2dsZWFwaXMuY29tL3BlcmZlY3Rfd2lraS9jMThmZTZmNy03MTRiLTQxMzItYmI1NC0zNTY0ODc3NWVkMGMvd2Ywbms2SEgxS1M5NnJJZVU1bkcvJUQwJUI4JUQwJUI3JUQwJUJFJUQwJUIxJUQxJTgwJUQwJUIwJUQwJUI2JUQwJUI1JUQwJUJEJUQwJUI4JUQwJUI1XzkxZTM2ZTY0LTgwNDQtNGQ1Yy1hNzI1LWM0OTJhYzRhZjdlNS5wbmc.webp 1400w\" alt=\"solu\u021bii \/ 7 Integr\u0103ri de livrare\" width=\"265\" height=\"396\"><\/p><ul><li>Rapoarte de v\u00e2nz\u0103ri consolidate pentru toate aplica\u021biile de livrare<\/li><li>O mai bun\u0103 planificare a buc\u0103t\u0103riei cu vizibilitate \u00een timp real a comenzilor<\/li><li>Reducerea erorilor umane \u0219i a \u00eent\u00e2rzierilor<\/li><li>Comenzile curg \u00een POS-ul dvs. &#8211; f\u0103r\u0103 schimbarea ecranelor<\/li><li>Suport multilingv pentru audien\u021be globale<\/li><li>Mai multe comenzi, mai pu\u021bine dureri de cap<\/li><\/ul><h3 id=\"For-Chains-and-Single-Venues-Alike-2\"><strong>At\u00e2t pentru lan\u021buri, c\u00e2t \u0219i pentru loca\u021bii unice<\/strong><\/h3><p>Fie c\u0103 administra\u021bi un singur local de hamburgeri sau 200 de puncte de v\u00e2nzare de sushi &#8211; aceast\u0103 solu\u021bie cre\u0219te odat\u0103 cu dvs.<br>Mai multe sucursale? Nicio problem\u0103. V\u0103 vom ajuta s\u0103 configura\u021bi fiecare loca\u021bie \u0219i s\u0103 conecta\u021bi totul la un back office inteligent.  <\/p><h2 id=\"Work-Smarter.-Deliver-Faster.-Grow-Bigger.-1\"><strong>Lucra\u021bi mai inteligent. Livra\u021bi mai repede. Cre\u0219te\u021bi mai mult.  <\/strong><\/h2><p>Transforma\u021bi livrarea \u00eentr-un flux strategic de venituri &#8211; f\u0103r\u0103 a v\u0103 m\u0103ri volumul de munc\u0103.<\/p>\t\t\t\t\t\t\t\t<\/div>\n\t\t\t\t<\/div>\n\t\t\t\t<div class=\"elementor-element elementor-element-6e90363b elementor-align-center elementor-mobile-align-center elementor-widget elementor-widget-button\" data-id=\"6e90363b\" data-element_type=\"widget\" data-e-type=\"widget\" data-widget_type=\"button.default\">\n\t\t\t\t<div class=\"elementor-widget-container\">\n\t\t\t\t\t\t\t\t\t<div class=\"elementor-button-wrapper\">\n\t\t\t\t\t<a class=\"elementor-button elementor-button-link elementor-size-sm\" href=\"https:\/\/rkeeper.us\/?page_id=256\">\n\t\t\t\t\t\t<span class=\"elementor-button-content-wrapper\">\n\t\t\t\t\t\t\t\t\t<span class=\"elementor-button-text\">Contacta\u021bi-ne<\/span>\n\t\t\t\t\t<\/span>\n\t\t\t\t\t<\/a>\n\t\t\t\t<\/div>\n\t\t\t\t\t\t\t\t<\/div>\n\t\t\t\t<\/div>\n\t\t\t\t\t<\/div>\n\t\t\t\t<\/div>\n\t\t\t\t<\/div>\n\t\t","protected":false},"excerpt":{"rendered":"<p>Integr\u0103ri de livrare Conecta\u021bi-v\u0103 cu cele mai importante platforme de livrare din lume &#8211; toate \u00eentr-un singur loc De ce s\u0103 gestiona\u021bi cinci tablete c\u00e2nd pute\u021bi gestiona un singur sistem?Integr\u0103rile noastre de livrare aduc toate aplica\u021biile majore de livrare \u00eentr-o singur\u0103 interfa\u021b\u0103, f\u0103r\u0103 \u00eentreruperi. Comenzile ajung direct pe ecranul POS-ului sau al buc\u0103t\u0103riei dvs. &#8211; [&hellip;]<\/p>\n","protected":false},"author":1,"featured_media":0,"parent":0,"menu_order":0,"comment_status":"closed","ping_status":"closed","template":"","meta":{"footnotes":""},"class_list":["post-2603","page","type-page","status-publish","hentry"],"_links":{"self":[{"href":"https:\/\/ucsrkeeper.ro\/index.php?rest_route=\/wp\/v2\/pages\/2603","targetHints":{"allow":["GET"]}}],"collection":[{"href":"https:\/\/ucsrkeeper.ro\/index.php?rest_route=\/wp\/v2\/pages"}],"about":[{"href":"https:\/\/ucsrkeeper.ro\/index.php?rest_route=\/wp\/v2\/types\/page"}],"author":[{"embeddable":true,"href":"https:\/\/ucsrkeeper.ro\/index.php?rest_route=\/wp\/v2\/users\/1"}],"replies":[{"embeddable":true,"href":"https:\/\/ucsrkeeper.ro\/index.php?rest_route=%2Fwp%2Fv2%2Fcomments&post=2603"}],"version-history":[{"count":5,"href":"https:\/\/ucsrkeeper.ro\/index.php?rest_route=\/wp\/v2\/pages\/2603\/revisions"}],"predecessor-version":[{"id":3599,"href":"https:\/\/ucsrkeeper.ro\/index.php?rest_route=\/wp\/v2\/pages\/2603\/revisions\/3599"}],"wp:attachment":[{"href":"https:\/\/ucsrkeeper.ro\/index.php?rest_route=%2Fwp%2Fv2%2Fmedia&parent=2603"}],"curies":[{"name":"wp","href":"https:\/\/api.w.org\/{rel}","templated":true}]}}