{"id":2630,"date":"2025-07-14T15:51:29","date_gmt":"2025-07-14T12:51:29","guid":{"rendered":"https:\/\/rkeeper.us\/?page_id=2630"},"modified":"2025-07-22T12:06:17","modified_gmt":"2025-07-22T09:06:17","slug":"comanda-online","status":"publish","type":"page","link":"https:\/\/ucsrkeeper.ro\/?page_id=2630","title":{"rendered":"Comand\u0103 online"},"content":{"rendered":"\t\t<div data-elementor-type=\"wp-page\" data-elementor-id=\"2630\" class=\"elementor elementor-2630 elementor-2220\" data-elementor-post-type=\"page\">\n\t\t\t\t<div class=\"elementor-element elementor-element-13b53120 e-flex e-con-boxed e-con e-parent\" data-id=\"13b53120\" data-element_type=\"container\" data-e-type=\"container\">\n\t\t\t\t\t<div class=\"e-con-inner\">\n\t\t\t\t<div class=\"elementor-element elementor-element-664f7414 elementor-widget elementor-widget-heading\" data-id=\"664f7414\" data-element_type=\"widget\" data-e-type=\"widget\" data-widget_type=\"heading.default\">\n\t\t\t\t<div class=\"elementor-widget-container\">\n\t\t\t\t\t<h3 class=\"elementor-heading-title elementor-size-default\">Comand\u0103 online<\/h3>\t\t\t\t<\/div>\n\t\t\t\t<\/div>\n\t\t\t\t<div class=\"elementor-element elementor-element-63e33bf0 elementor-widget elementor-widget-text-editor\" data-id=\"63e33bf0\" data-element_type=\"widget\" data-e-type=\"widget\" data-widget_type=\"text-editor.default\">\n\t\t\t\t<div class=\"elementor-widget-container\">\n\t\t\t\t\t\t\t\t\t<h2 id=\"Online-Ordering:-Your-Restaurant-Always-Open-1\"><strong>Comand\u0103 online: Restaurantul t\u0103u, mereu deschis<\/strong><\/h2><h3 id=\"Turn-Clicks-Into-Orders.-Anytime-Anywhere.-2\">Transforma\u021bi click-urile \u00een comenzi. Oric\u00e2nd, oriunde. <\/h3><p>Permite\u021bi clien\u021bilor dvs. s\u0103 comande din restaurantul dvs. \u00een doar c\u00e2teva atingeri &#8211; de pe orice dispozitiv.<br>Solu\u021bia noastr\u0103 de <strong>comenzi online<\/strong> conecteaz\u0103 meniul dvs. cu lumea digital\u0103: site-ul dvs. web, aplica\u021bia mobil\u0103 sau codul QR. F\u0103r\u0103 intermediari. F\u0103r\u0103 reduceri de comisioane. Doar v\u00e2nz\u0103ri directe, direct la buc\u0103t\u0103ria dvs.   <\/p><p>Serve\u0219te dincolo de zidurile tale. Fi\u021bi acolo unde sunt clien\u021bii dumneavoastr\u0103. <\/p><h3 id=\"Why-You'll-Love-It-2\"><strong>De ce v\u0103 va pl\u0103cea<\/strong><\/h3><p><img fetchpriority=\"high\" decoding=\"async\" class=\"alignleft\" src=\"https:\/\/img.perfectwiki.xyz\/insecure\/resize:fit:400\/aHR0cHM6Ly9zdG9yYWdlLmdvb2dsZWFwaXMuY29tL3BlcmZlY3Rfd2lraS9jMThmZTZmNy03MTRiLTQxMzItYmI1NC0zNTY0ODc3NWVkMGMvRXFoakF6MGFkRjlvQ3BVRXdIVFQvJUQwJUI4JUQwJUI3JUQwJUJFJUQwJUIxJUQxJTgwJUQwJUIwJUQwJUI2JUQwJUI1JUQwJUJEJUQwJUI4JUQwJUI1XzQyZTk5NjM0LWY0YzYtNGU3My05MDhlLTI4ODBiZTIwMGU4OS5wbmc.webp\" sizes=\"100vw\" srcset=\"https:\/\/img.perfectwiki.xyz\/insecure\/resize:fit:400\/aHR0cHM6Ly9zdG9yYWdlLmdvb2dsZWFwaXMuY29tL3BlcmZlY3Rfd2lraS9jMThmZTZmNy03MTRiLTQxMzItYmI1NC0zNTY0ODc3NWVkMGMvRXFoakF6MGFkRjlvQ3BVRXdIVFQvJUQwJUI4JUQwJUI3JUQwJUJFJUQwJUIxJUQxJTgwJUQwJUIwJUQwJUI2JUQwJUI1JUQwJUJEJUQwJUI4JUQwJUI1XzQyZTk5NjM0LWY0YzYtNGU3My05MDhlLTI4ODBiZTIwMGU4OS5wbmc.webp 400w, https:\/\/img.perfectwiki.xyz\/insecure\/resize:fit:800\/aHR0cHM6Ly9zdG9yYWdlLmdvb2dsZWFwaXMuY29tL3BlcmZlY3Rfd2lraS9jMThmZTZmNy03MTRiLTQxMzItYmI1NC0zNTY0ODc3NWVkMGMvRXFoakF6MGFkRjlvQ3BVRXdIVFQvJUQwJUI4JUQwJUI3JUQwJUJFJUQwJUIxJUQxJTgwJUQwJUIwJUQwJUI2JUQwJUI1JUQwJUJEJUQwJUI4JUQwJUI1XzQyZTk5NjM0LWY0YzYtNGU3My05MDhlLTI4ODBiZTIwMGU4OS5wbmc.webp 800w, https:\/\/img.perfectwiki.xyz\/insecure\/resize:fit:1200\/aHR0cHM6Ly9zdG9yYWdlLmdvb2dsZWFwaXMuY29tL3BlcmZlY3Rfd2lraS9jMThmZTZmNy03MTRiLTQxMzItYmI1NC0zNTY0ODc3NWVkMGMvRXFoakF6MGFkRjlvQ3BVRXdIVFQvJUQwJUI4JUQwJUI3JUQwJUJFJUQwJUIxJUQxJTgwJUQwJUIwJUQwJUI2JUQwJUI1JUQwJUJEJUQwJUI4JUQwJUI1XzQyZTk5NjM0LWY0YzYtNGU3My05MDhlLTI4ODBiZTIwMGU4OS5wbmc.webp 1200w, https:\/\/img.perfectwiki.xyz\/insecure\/aHR0cHM6Ly9zdG9yYWdlLmdvb2dsZWFwaXMuY29tL3BlcmZlY3Rfd2lraS9jMThmZTZmNy03MTRiLTQxMzItYmI1NC0zNTY0ODc3NWVkMGMvRXFoakF6MGFkRjlvQ3BVRXdIVFQvJUQwJUI4JUQwJUI3JUQwJUJFJUQwJUIxJUQxJTgwJUQwJUIwJUQwJUI2JUQwJUI1JUQwJUJEJUQwJUI4JUQwJUI1XzQyZTk5NjM0LWY0YzYtNGU3My05MDhlLTI4ODBiZTIwMGU4OS5wbmc.webp 1400w\" alt=\"solu\u021bii \/ 6 Comand\u0103 online\" width=\"224\" height=\"336\"><\/p><p><strong>U\u0219or de utilizat, u\u0219or de comandat<\/strong><br>Un meniu frumos, de marc\u0103, proiectat pentru mobil \u0219i desktop. F\u0103r\u0103 aplica\u021bii de desc\u0103rcat &#8211; doar atinge\u021bi \u0219i comanda\u021bi. <\/p><p><strong>Pl\u0103\u021bi sigure, op\u021biuni flexibile<\/strong><br>Accepta\u021bi carduri, Apple\/Google Pay sau permite\u021bi-le s\u0103 pl\u0103teasc\u0103 la preluare. Toate tranzac\u021biile sunt sigure \u0219i rapide. <\/p><p><strong>Ridicare, livrare, servire \u00een restaurant &#8211; toate acoperite<\/strong><br>Permite\u021bi clien\u021bilor s\u0103 aleag\u0103 modul \u00een care \u00ee\u0219i primesc m\u00e2ncarea: ridicare, servire \u00een restaurant sau livrare.<\/p><p><strong>Complet integrat<\/strong><br>Comenzile curg direct \u00een POS sau buc\u0103t\u0103rie &#8211; f\u0103r\u0103 ecrane suplimentare, f\u0103r\u0103 bilete pierdute.<\/p><p><strong>Perspective de v\u00e2nz\u0103ri \u0219i date despre clien\u021bi<\/strong><br>Urm\u0103ri\u021bi ce comand\u0103 oamenii, c\u00e2nd \u0219i c\u00e2t de des. Utiliza\u021bi aceste informa\u021bii pentru a v\u0103 \u00eembun\u0103t\u0103\u021bi ofertele \u0219i pentru a v\u0103 orienta mai bine. <\/p><h3 id=\"Key-Features-2\"><strong>Caracteristici principale<\/strong><\/h3><ul><li>Meniu digital personalizabil cu categorii \u0219i modificatori<\/li><li>Ad\u0103uga\u021bi fotografii, alergeni, combina\u021bii &#8211; orice trebuie s\u0103 decid\u0103 oaspe\u021bii dvs.<\/li><li>Partaja\u021bi prin link, cod QR sau \u00eencorpora\u021bi \u00een site-ul dvs.<\/li><li>Suport\u0103 coduri promo\u021bionale, loialitate \u0219i upselling<\/li><li>Actualiz\u0103ri \u00een timp real pentru meniu \u0219i disponibilitate<\/li><li><p>Asisten\u021b\u0103 multilingv\u0103 pentru clien\u021bii interna\u021bionali<\/p><figure class=\"image image_resized\"><img decoding=\"async\" class=\"alignright\" src=\"https:\/\/img.perfectwiki.xyz\/insecure\/resize:fit:400\/aHR0cHM6Ly9zdG9yYWdlLmdvb2dsZWFwaXMuY29tL3BlcmZlY3Rfd2lraS9jMThmZTZmNy03MTRiLTQxMzItYmI1NC0zNTY0ODc3NWVkMGMvRXFoakF6MGFkRjlvQ3BVRXdIVFQvJUQwJUI4JUQwJUI3JUQwJUJFJUQwJUIxJUQxJTgwJUQwJUIwJUQwJUI2JUQwJUI1JUQwJUJEJUQwJUI4JUQwJUI1XzVkNzgwNjA4LTY0OTctNDNkYi1iMmViLTkzNDFkNzYyNzVjMS5wbmc.webp\" sizes=\"100vw\" srcset=\"https:\/\/img.perfectwiki.xyz\/insecure\/resize:fit:400\/aHR0cHM6Ly9zdG9yYWdlLmdvb2dsZWFwaXMuY29tL3BlcmZlY3Rfd2lraS9jMThmZTZmNy03MTRiLTQxMzItYmI1NC0zNTY0ODc3NWVkMGMvRXFoakF6MGFkRjlvQ3BVRXdIVFQvJUQwJUI4JUQwJUI3JUQwJUJFJUQwJUIxJUQxJTgwJUQwJUIwJUQwJUI2JUQwJUI1JUQwJUJEJUQwJUI4JUQwJUI1XzVkNzgwNjA4LTY0OTctNDNkYi1iMmViLTkzNDFkNzYyNzVjMS5wbmc.webp 400w, https:\/\/img.perfectwiki.xyz\/insecure\/resize:fit:800\/aHR0cHM6Ly9zdG9yYWdlLmdvb2dsZWFwaXMuY29tL3BlcmZlY3Rfd2lraS9jMThmZTZmNy03MTRiLTQxMzItYmI1NC0zNTY0ODc3NWVkMGMvRXFoakF6MGFkRjlvQ3BVRXdIVFQvJUQwJUI4JUQwJUI3JUQwJUJFJUQwJUIxJUQxJTgwJUQwJUIwJUQwJUI2JUQwJUI1JUQwJUJEJUQwJUI4JUQwJUI1XzVkNzgwNjA4LTY0OTctNDNkYi1iMmViLTkzNDFkNzYyNzVjMS5wbmc.webp 800w, https:\/\/img.perfectwiki.xyz\/insecure\/resize:fit:1200\/aHR0cHM6Ly9zdG9yYWdlLmdvb2dsZWFwaXMuY29tL3BlcmZlY3Rfd2lraS9jMThmZTZmNy03MTRiLTQxMzItYmI1NC0zNTY0ODc3NWVkMGMvRXFoakF6MGFkRjlvQ3BVRXdIVFQvJUQwJUI4JUQwJUI3JUQwJUJFJUQwJUIxJUQxJTgwJUQwJUIwJUQwJUI2JUQwJUI1JUQwJUJEJUQwJUI4JUQwJUI1XzVkNzgwNjA4LTY0OTctNDNkYi1iMmViLTkzNDFkNzYyNzVjMS5wbmc.webp 1200w, https:\/\/img.perfectwiki.xyz\/insecure\/aHR0cHM6Ly9zdG9yYWdlLmdvb2dsZWFwaXMuY29tL3BlcmZlY3Rfd2lraS9jMThmZTZmNy03MTRiLTQxMzItYmI1NC0zNTY0ODc3NWVkMGMvRXFoakF6MGFkRjlvQ3BVRXdIVFQvJUQwJUI4JUQwJUI3JUQwJUJFJUQwJUIxJUQxJTgwJUQwJUIwJUQwJUI2JUQwJUI1JUQwJUJEJUQwJUI4JUQwJUI1XzVkNzgwNjA4LTY0OTctNDNkYi1iMmViLTkzNDFkNzYyNzVjMS5wbmc.webp 1400w\" alt=\"solu\u021bii \/ 6 Comand\u0103 online\" width=\"230\" height=\"347\"><\/figure><\/li><\/ul><h3 id=\"Who-Is-It-For-2\"><strong>Pentru cine este?<\/strong><\/h3><p><strong>Fast Food<\/strong> &#8211; Comenzi rapide, mai pu\u021bine cozi<br><strong>Takeaway &amp; Delivery<\/strong> &#8211; Flux u\u0219or pentru clien\u021bi, sincronizare mai bun\u0103<br><strong>Cafenele &amp; brut\u0103rii<\/strong> &#8211; Programarea prelu\u0103rilor, evitarea cozilor<br><strong>Restaurante<\/strong> &#8211; Comandarea rapid\u0103 a meselor, f\u0103r\u0103 personal necesar  <\/p><h2 id=\"Own-the-Customer-Experience-1\"><strong>De\u021bine\u021bi experien\u021ba clientului<\/strong><\/h2><p>Nu v\u0103 \u00eenchiria\u021bi rela\u021bia c\u0103tre aplica\u021bii ter\u021be.<br>Cu comanda online direct\u0103, de\u021bine\u021bi controlul &#8211; \u0219i p\u0103stra\u021bi 100% din v\u00e2nzare.<\/p>\t\t\t\t\t\t\t\t<\/div>\n\t\t\t\t<\/div>\n\t\t\t\t<div class=\"elementor-element elementor-element-419a0f07 elementor-align-center elementor-mobile-align-center elementor-widget elementor-widget-button\" data-id=\"419a0f07\" data-element_type=\"widget\" data-e-type=\"widget\" data-widget_type=\"button.default\">\n\t\t\t\t<div class=\"elementor-widget-container\">\n\t\t\t\t\t\t\t\t\t<div class=\"elementor-button-wrapper\">\n\t\t\t\t\t<a class=\"elementor-button elementor-button-link elementor-size-sm\" href=\"https:\/\/rkeeper.us\/?page_id=256\">\n\t\t\t\t\t\t<span class=\"elementor-button-content-wrapper\">\n\t\t\t\t\t\t\t\t\t<span class=\"elementor-button-text\">Contacta\u021bi-ne<\/span>\n\t\t\t\t\t<\/span>\n\t\t\t\t\t<\/a>\n\t\t\t\t<\/div>\n\t\t\t\t\t\t\t\t<\/div>\n\t\t\t\t<\/div>\n\t\t\t\t\t<\/div>\n\t\t\t\t<\/div>\n\t\t\t\t<\/div>\n\t\t","protected":false},"excerpt":{"rendered":"<p>Comand\u0103 online Comand\u0103 online: Restaurantul t\u0103u, mereu deschis Transforma\u021bi click-urile \u00een comenzi. Oric\u00e2nd, oriunde. Permite\u021bi clien\u021bilor dvs. s\u0103 comande din restaurantul dvs. \u00een doar c\u00e2teva atingeri &#8211; de pe orice dispozitiv.Solu\u021bia noastr\u0103 de comenzi online conecteaz\u0103 meniul dvs. cu lumea digital\u0103: site-ul dvs. web, aplica\u021bia mobil\u0103 sau codul QR. F\u0103r\u0103 intermediari. F\u0103r\u0103 reduceri de comisioane. [&hellip;]<\/p>\n","protected":false},"author":1,"featured_media":0,"parent":0,"menu_order":0,"comment_status":"closed","ping_status":"closed","template":"","meta":{"footnotes":""},"class_list":["post-2630","page","type-page","status-publish","hentry"],"_links":{"self":[{"href":"https:\/\/ucsrkeeper.ro\/index.php?rest_route=\/wp\/v2\/pages\/2630","targetHints":{"allow":["GET"]}}],"collection":[{"href":"https:\/\/ucsrkeeper.ro\/index.php?rest_route=\/wp\/v2\/pages"}],"about":[{"href":"https:\/\/ucsrkeeper.ro\/index.php?rest_route=\/wp\/v2\/types\/page"}],"author":[{"embeddable":true,"href":"https:\/\/ucsrkeeper.ro\/index.php?rest_route=\/wp\/v2\/users\/1"}],"replies":[{"embeddable":true,"href":"https:\/\/ucsrkeeper.ro\/index.php?rest_route=%2Fwp%2Fv2%2Fcomments&post=2630"}],"version-history":[{"count":5,"href":"https:\/\/ucsrkeeper.ro\/index.php?rest_route=\/wp\/v2\/pages\/2630\/revisions"}],"predecessor-version":[{"id":3682,"href":"https:\/\/ucsrkeeper.ro\/index.php?rest_route=\/wp\/v2\/pages\/2630\/revisions\/3682"}],"wp:attachment":[{"href":"https:\/\/ucsrkeeper.ro\/index.php?rest_route=%2Fwp%2Fv2%2Fmedia&parent=2630"}],"curies":[{"name":"wp","href":"https:\/\/api.w.org\/{rel}","templated":true}]}}